{"id":6327,"date":"2022-11-14T11:42:22","date_gmt":"2022-11-14T10:42:22","guid":{"rendered":"https:\/\/www.kbverlag.ch\/cgv\/"},"modified":"2023-05-12T13:45:38","modified_gmt":"2023-05-12T11:45:38","slug":"cgv","status":"publish","type":"page","link":"https:\/\/www.kbverlag.ch\/fr\/cgv\/","title":{"rendered":"Conditions g\u00e9n\u00e9rales de vente (CGV)"},"content":{"rendered":"\t\t<div data-elementor-type=\"wp-page\" data-elementor-id=\"6327\" class=\"elementor elementor-6327 elementor-4179\" data-elementor-post-type=\"page\">\n\t\t\t\t<section class=\"elementor-element elementor-element-f01672a e-flex e-con-boxed e-con e-parent\" data-id=\"f01672a\" data-element_type=\"container\" data-e-type=\"container\">\n\t\t\t\t\t<div class=\"e-con-inner\">\n\t\t\t\t<div class=\"elementor-element elementor-element-1705463 elementor-widget elementor-widget-heading\" data-id=\"1705463\" data-element_type=\"widget\" data-e-type=\"widget\" data-widget_type=\"heading.default\">\n\t\t\t\t<div class=\"elementor-widget-container\">\n\t\t\t\t\t<h1 class=\"elementor-heading-title elementor-size-default\">Conditions g\u00e9n\u00e9rales de vente (CGV)<\/h1>\t\t\t\t<\/div>\n\t\t\t\t<\/div>\n\t\t\t\t\t<\/div>\n\t\t\t\t<\/section>\n\t\t<section class=\"elementor-element elementor-element-72c287f e-flex e-con-boxed e-con e-parent\" data-id=\"72c287f\" data-element_type=\"container\" data-e-type=\"container\" data-settings=\"{&quot;background_background&quot;:&quot;classic&quot;}\">\n\t\t\t\t\t<div class=\"e-con-inner\">\n\t\t\t\t<div class=\"elementor-element elementor-element-5842c9e elementor-widget elementor-widget-text-editor\" data-id=\"5842c9e\" data-element_type=\"widget\" data-e-type=\"widget\" data-widget_type=\"text-editor.default\">\n\t\t\t\t<div class=\"elementor-widget-container\">\n\t\t\t\t\t\t\t\t\t<p><strong>1. D\u00e9finition du contrat d\u2019insertion<\/strong><br \/>\nEn concluant oralement ou par \u00e9crit un contrat d\u2019insertion, la maison d\u2019\u00e9dition s\u2019engage \u00e0 publier une ou plusieurs annonces dans la publication d\u00e9sign\u00e9e. Le client annonceur devra, lui, payer les frais d\u2019insertion correspondants.<\/p>\n<p>&nbsp;<\/p>\n<p><strong>2. Normes de droit applicables<\/strong><br \/>\nLe rapport contractuel est r\u00e9gi prioritairement par les conditions g\u00e9n\u00e9rales ci-dessous et les dispositions du code suisse des obligations (CO).<\/p>\n<p>&nbsp;<\/p>\n<p><strong>3. Prix<\/strong><br \/>\nSont applicables, les tarifs indiqu\u00e9s dans la documentation m\u00e9dias en vigueur. Tous les prix s\u2019entendent hors TVA au taux en vigueur.<\/p>\n<p>&nbsp;<\/p>\n<p><strong>4. Accords quantitatifs et ordres r\u00e9p\u00e9titifs<\/strong><br \/>\nLes accords quantitatifs et ordres r\u00e9p\u00e9titifs ne sont permis que pour des annonces provenant du m\u00eame client annonceur. Sont applicables, pour les groupes et soci\u00e9t\u00e9s de holding, les r\u00e8glements sp\u00e9ciaux du SZV\/VSW. La p\u00e9riode de validit\u00e9 desdits accords et ordres d\u00e9bute au plus tard \u00e0 la date de la premi\u00e8re insertion, sauf si une autre date a \u00e9t\u00e9 sp\u00e9cifi\u00e9e au moment de conclure le contrat. Cette p\u00e9riode est de 12 mois et ne peut \u00eatre modifi\u00e9e. La vente est conclue en appliquant le tarif de base. Les rabais en vigueur \u00e9tablis pour les diff\u00e9rentes cat\u00e9gories d\u2019annonces, s\u2019appliquent. Tout changement tarifaire de la maison d\u2019\u00e9dition vaut aussi pour les ordres en cours ; s\u2019il le souhaite, le client annonceur peut cependant r\u00e9silier le contrat dans les deux semaines qui suivent la communication du nouveau tarif. S\u2019il r\u00e9silie, il aura droit \u00e0 un rabais qui correspondra au bar\u00e8me en vigueur et sera calcul\u00e9 sur la base de la quantit\u00e9 d\u00e9j\u00e0 utilis\u00e9e.<\/p>\n<p>&nbsp;<\/p>\n<p><strong>5. Rabais<\/strong><br \/>\nConcernant tout accord quantitatif, le mandant a droit au rabais tarifaire correspondant. Si le volume d\u2019annonces transmises au cours de la p\u00e9riode d\u2019un an d\u00e9passe la quantit\u00e9 indiqu\u00e9e dans l\u2019accord, le rabais portera sur le volume total et, selon le bar\u00e8me des rabais, un rabais r\u00e9troactif sera accord\u00e9 au client. Un rabais sur des ordres r\u00e9p\u00e9titifs ne peut \u00eatre accord\u00e9 que pour ceux pr\u00e9sentant le nombre d\u2019annonces requis (sur une p\u00e9riode de 12 mois) selon le bar\u00e8me des rabais. La taille des annonces ne peut \u00eatre modifi\u00e9e. Les textes ou les sujets peuvent l\u2019\u00eatre, \u00e0 condition qu\u2019il s\u2019agisse de mat\u00e9riel pr\u00eat \u00e0 l\u2019impression. Le rabais d\u00e9coulant de la quantit\u00e9 convenue lors de la conclusion du contrat pourra, si le mandant le souhaite, \u00eatre r\u00e9ajust\u00e9 au cours de la p\u00e9riode de validit\u00e9 du contrat, en fixant une nouvelle quantit\u00e9. Si \u00e0 la fin de la p\u00e9riode de validit\u00e9 la quantit\u00e9 r\u00e9ellement utilis\u00e9e est inf\u00e9rieure \u00e0 la quantit\u00e9 pr\u00e9vue, un d\u00e9bit sur rabais sera, dans le cadre du bar\u00e8me des rabais, appliqu\u00e9 au client.<\/p>\n<p>&nbsp;<\/p>\n<p><strong>6. Fin pr\u00e9matur\u00e9e du contrat<\/strong><br \/>\nSi au cours de la p\u00e9riode de validit\u00e9 du contrat le magazine cesse de para\u00eetre, la maison d\u2019\u00e9dition pourra r\u00e9silier le contrat, sans devoir verser de dommages-int\u00e9r\u00eats. En pareil cas, le client annonceur ne sera cependant pas lib\u00e9r\u00e9 de son obligation de payer les annonces d\u00e9j\u00e0 parues. Par ailleurs, une r\u00e9siliation pr\u00e9matur\u00e9e par l\u2019\u00e9diteur ne supprime pas le droit aux rabais correspondant aux quantit\u00e9s initialement convenues.<\/p>\n<p>&nbsp;<\/p>\n<p><strong>7. Conditions de paiement<\/strong><br \/>\nSauf stipulation contraire, les factures sont \u00e0 r\u00e9gler dans les 30 jours qui suivent la date de facturation. Les prix sont nets, c\u2019est-\u00e0-dire sans d\u00e9duction d\u2019escompte. En cas de proc\u00e9dure d\u2019encaissement par voie l\u00e9gale, les droits de remise portant sur les factures impay\u00e9es sont supprim\u00e9s. Si des factures ne sont pas pay\u00e9es dans le d\u00e9lai de 30 jours imparti, un int\u00e9r\u00eat moratoire selon l\u2019article 104 CO paragraphe 3 pourra \u00eatre exig\u00e9. 3.<\/p>\n<p>&nbsp;<\/p>\n<p><strong>8. Droit de d\u00e9caler<\/strong><br \/>\nLa maison d\u2019\u00e9dition se r\u00e9serve le droit d\u2019avancer ou reculer d\u2019un num\u00e9ro \u2013 pour des raisons techniques \u2013 la date de parution d\u2019une annonce, \u00e0 condition toutefois que le contenu du texte de celle-ci ne soit pas li\u00e9 \u00e0 une date imp\u00e9rative. Si une annonce (non li\u00e9e \u00e0 une date imp\u00e9rative) parait dans un autre num\u00e9ro que celui pr\u00e9vu, le client ne pourra ni refuser de la payer ni exiger une indemnisation<\/p>\n<p>&nbsp;<\/p>\n<p><strong>9. Souhaits ou directives concernant l\u2019emplacement des annonces<\/strong><br \/>\nLes souhaits du mandant quant \u00e0 l\u2019emplacement d\u2019une annonce ne pourront \u00eatre pris en compte que dans la mesure o\u00f9 ils n\u2019auront pas de caract\u00e8re obligatoire. S\u2019il y a des directives d\u2019emplacement \u00e0 respecter et que la maison d\u2019\u00e9dition les accepte, celle-ci pourra facturer un suppl\u00e9ment d\u2019emplacement. Si, pour des raisons techniques, l\u2019annonce doit \u00eatre plac\u00e9e \u00e0 un autre endroit que celui pr\u00e9vu ou souhait\u00e9, le client ne pourra ni refuser de la payer ni exiger une indemnisation. Concernant ce cas de figure, aucun suppl\u00e9ment d\u2019emplacement ne sera factur\u00e9.<\/p>\n<p>&nbsp;<\/p>\n<p><strong>10. Non-conformit\u00e9 de parution<\/strong><br \/>\nEn cas de non-conformit\u00e9 de parution ayant un impact n\u00e9gatif majeur sur le sens ou l\u2019efficacit\u00e9 d\u2019une annonce, un d\u00e9dommagement sous forme d\u2019octroi d\u2019espace d\u2019annonce, lequel ne pourra exc\u00e9der la taille de l\u2019annonce pr\u00e9sentant ladite non-conformit\u00e9, sera accord\u00e9. Les risques inh\u00e9rents \u00e0 toute commande ou modification\/annulation de commande par t\u00e9l\u00e9phone, seront assum\u00e9s par le client annonceur. De m\u00eame, nous d\u00e9clinerons toute responsabilit\u00e9 si les maquettes fournies ne correspondent pas aux normes techniques du magazine. Toute maquette fournie sans indications particuli\u00e8res sera en outre consid\u00e9r\u00e9e comme pouvant \u00eatre \u00e9limin\u00e9e apr\u00e8s utilisation. Cette \u00e9limination pourra avoir lieu d\u00e8s l\u2019expiration d\u2019un d\u00e9lai de trois mois \u00e0 compter de la date de la derni\u00e8re parution \u2013 seule exception : les maquettes \u00e0 caract\u00e8re permanent ; les concernant, le mandant devra faire figurer sur son bon de commande la mention : \u00ab \u00e0 caract\u00e8re permanent \u00bb. Dans le cas de maquettes \u00e0 restituer, leur renvoi a lieu dans les 3 mois qui suivent l\u2019ex\u00e9cution de la commande. La restitution de copies papier ne peut \u00eatre garantie en raison du risque d\u2019endommagement de celles-ci au cours du processus d\u2019impression. Toute r\u00e9clamation en cas de d\u00e9faut doit \u00eatre adress\u00e9e dans les 10 jours qui suivent la date de r\u00e9ception de la facture. Pass\u00e9 ce d\u00e9lai, aucune r\u00e9clamation ne pourra \u00eatre prise en compte. En cas de contestation d\u2019un ou plusieurs postes de la facture, le mandant devra quand m\u00eame payer le restant d\u00fb de celle-ci, en respectant les d\u00e9lais sp\u00e9cifi\u00e9s \u00e0 l\u2019article 5.<\/p>\n<p>&nbsp;<\/p>\n<p><strong>11. Droit de refus<\/strong><br \/>\nLa maison d\u2019\u00e9dition se r\u00e9serve le droit de refuser des annonces, sans devoir en indiquer les raisons.<\/p>\n<p>&nbsp;<\/p>\n<p><strong>12. Respect des directives l\u00e9gales<\/strong><br \/>\nSous r\u00e9serve de dispositions obligatoires du droit de la presse, le client annonceur assumera l\u2019enti\u00e8re responsabilit\u00e9 \u2013 cons\u00e9quences financi\u00e8res comprises \u2013 de la publication de toute annonce de lui qui ne respecterait pas les directives l\u00e9gales. Il devra notamment veiller \u00e0 ce qu\u2019aucune de ses annonces n\u2019enfreigne la LCD (loi sur la concurrence d\u00e9loyale). En cas de violation de celle-ci, l\u2019enti\u00e8re responsabilit\u00e9 des \u00e9ventuelles cons\u00e9quences en r\u00e9sultant pour la maison d\u2019\u00e9dition lui incombera. Ceci signifie notamment qu\u2019il devra supporter l\u2019int\u00e9gralit\u00e9 des frais directs et indirects qu\u2019entrainerait une proc\u00e9dure LCD \u00e0 l\u2019encontre de l\u2019\u00e9diteur.<\/p>\n<p>&nbsp;<\/p>\n<p><strong>13. Prestations suppl\u00e9mentaires<\/strong><br \/>\nLes prestations extraordinaires \u2013 c\u2019est-\u00e0-dire celles qui, comme la fabrication de maquettes, la mise en page d\u2019 annonces, l\u2019\u00e9laboration de mod\u00e8les de textes, des traductions , des enqu\u00eates relatives aux m\u00e9dias et le d\u00e9pouillement de celles-ci, sortent du cadre habituel (par ex. : plans de diffusion simples, d\u00e9comptes de co\u00fbts non complexes, etc.) \u2013 sont factur\u00e9es aux tarifs habituellement pratiqu\u00e9s dans la branche. Le client annonceur (ou son agent publicitaire) autorise la maison d\u2019\u00e9dition \u00e0 publier les annonces sur ses propres services en ligne\/ou sur ceux de tiers, ou via d\u2019autres canaux quels qu\u2019ils soient, ainsi qu\u2019\u00e0 traiter lesdites annonces dans ce but. La maison d\u2019\u00e9dition s\u2019engage \u00e0 respecter les dispositions l\u00e9gales sur la protection des donn\u00e9es mais ne peut toutefois accorder de garantie absolue quant \u00e0 la confidentialit\u00e9, int\u00e9grit\u00e9, authenticit\u00e9 et disponibilit\u00e9 de donn\u00e9es personnelles. Le client annonceur (ou son agent publicitaire) prend acte du fait que des donn\u00e9es personnelles peuvent \u00eatre consult\u00e9es aussi depuis des pays n\u2019ayant pas de dispositions l\u00e9gales sur la protection des donn\u00e9es comparables \u00e0 celles de la Suisse. Le client annonceur (ou son agent) est en outre d\u2019accord pour que les annonces \u2013 qui seront reproduites et mises sur des services en ligne (ou publi\u00e9es via d\u2019autres canaux, quels qu\u2019ils soient) par la maison d\u2019\u00e9dition \u2013 ne soient pas librement accessibles \u00e0 des tiers. Le client annonceur (ou l\u2019agence de publicit\u00e9 mandat\u00e9e par lui) transf\u00e8re \u00e0 la maison d\u2019\u00e9dition le droit d\u2019interdire \u2013 en recourant aux moyens appropri\u00e9s \u2013 tout traitement ou exploitation des annonces par des tiers non autoris\u00e9s.<\/p>\n<p>&nbsp;<\/p>\n<p><strong>14. For<\/strong><br \/>\nLe pr\u00e9sent contrat est r\u00e9gi par le droit suisse. Sauf stipulation contraire dans une norme juridique suisse, le for est Saint-Gall. La maison d\u2019\u00e9dition jouit toutefois du droit unilat\u00e9ral d\u2019intenter une action contre le partenaire contractuel au for de celui-ci.<\/p>\n<p>&nbsp;<\/p>\n<p>K\u00fcnzlerBachmann Verlag AG<br \/>\nSaint-Gall, le 1er Janvier 2020<\/p>\n\t\t\t\t\t\t\t\t<\/div>\n\t\t\t\t<\/div>\n\t\t\t\t\t<\/div>\n\t\t\t\t<\/section>\n\t\t\t\t<\/div>\n\t\t","protected":false},"excerpt":{"rendered":"<p>Conditions g\u00e9n\u00e9rales de vente (CGV) 1. D\u00e9finition du contrat d\u2019insertion En concluant oralement ou par \u00e9crit un contrat d\u2019insertion, la maison d\u2019\u00e9dition s\u2019engage \u00e0 publier une ou plusieurs annonces dans la publication d\u00e9sign\u00e9e. Le client annonceur devra, lui, payer les frais d\u2019insertion correspondants. &nbsp; 2. Normes de droit applicables Le rapport contractuel est r\u00e9gi prioritairement [&hellip;]<\/p>\n","protected":false},"author":2,"featured_media":0,"parent":0,"menu_order":0,"comment_status":"closed","ping_status":"closed","template":"","meta":{"_acf_changed":false,"footnotes":""},"class_list":["post-6327","page","type-page","status-publish","hentry"],"acf":[],"yoast_head":"<!-- This site is optimized with the Yoast SEO plugin v27.5 - https:\/\/yoast.com\/product\/yoast-seo-wordpress\/ -->\n<title>Conditions g\u00e9n\u00e9rales de vente (CGV) - K\u00fcnzlerBachmann Verlag AG<\/title>\n<meta name=\"robots\" content=\"index, follow, max-snippet:-1, max-image-preview:large, max-video-preview:-1\" \/>\n<link rel=\"canonical\" href=\"https:\/\/www.kbverlag.ch\/fr\/cgv\/\" \/>\n<meta property=\"og:locale\" content=\"fr_FR\" \/>\n<meta property=\"og:type\" content=\"article\" \/>\n<meta property=\"og:title\" content=\"Conditions g\u00e9n\u00e9rales de vente (CGV) - K\u00fcnzlerBachmann Verlag AG\" \/>\n<meta property=\"og:description\" content=\"Conditions g\u00e9n\u00e9rales de vente (CGV) 1. D\u00e9finition du contrat d\u2019insertion En concluant oralement ou par \u00e9crit un contrat d\u2019insertion, la maison d\u2019\u00e9dition s\u2019engage \u00e0 publier une ou plusieurs annonces dans la publication d\u00e9sign\u00e9e. Le client annonceur devra, lui, payer les frais d\u2019insertion correspondants. &nbsp; 2. Normes de droit applicables Le rapport contractuel est r\u00e9gi prioritairement [&hellip;]\" \/>\n<meta property=\"og:url\" content=\"https:\/\/www.kbverlag.ch\/fr\/cgv\/\" \/>\n<meta property=\"og:site_name\" content=\"K\u00fcnzlerBachmann Verlag AG\" \/>\n<meta property=\"article:modified_time\" content=\"2023-05-12T11:45:38+00:00\" \/>\n<meta name=\"twitter:card\" content=\"summary_large_image\" \/>\n<meta name=\"twitter:label1\" content=\"Dur\u00e9e de lecture estim\u00e9e\" \/>\n\t<meta name=\"twitter:data1\" content=\"8 minutes\" \/>\n<script type=\"application\/ld+json\" class=\"yoast-schema-graph\">{\"@context\":\"https:\\\/\\\/schema.org\",\"@graph\":[{\"@type\":\"WebPage\",\"@id\":\"https:\\\/\\\/www.kbverlag.ch\\\/fr\\\/cgv\\\/\",\"url\":\"https:\\\/\\\/www.kbverlag.ch\\\/fr\\\/cgv\\\/\",\"name\":\"Conditions g\u00e9n\u00e9rales de vente (CGV) - K\u00fcnzlerBachmann Verlag AG\",\"isPartOf\":{\"@id\":\"https:\\\/\\\/www.kbverlag.ch\\\/fr\\\/#website\"},\"datePublished\":\"2022-11-14T10:42:22+00:00\",\"dateModified\":\"2023-05-12T11:45:38+00:00\",\"breadcrumb\":{\"@id\":\"https:\\\/\\\/www.kbverlag.ch\\\/fr\\\/cgv\\\/#breadcrumb\"},\"inLanguage\":\"fr-FR\",\"potentialAction\":[{\"@type\":\"ReadAction\",\"target\":[\"https:\\\/\\\/www.kbverlag.ch\\\/fr\\\/cgv\\\/\"]}]},{\"@type\":\"BreadcrumbList\",\"@id\":\"https:\\\/\\\/www.kbverlag.ch\\\/fr\\\/cgv\\\/#breadcrumb\",\"itemListElement\":[{\"@type\":\"ListItem\",\"position\":1,\"name\":\"Startseite\",\"item\":\"https:\\\/\\\/www.kbverlag.ch\\\/fr\\\/\"},{\"@type\":\"ListItem\",\"position\":2,\"name\":\"Conditions g\u00e9n\u00e9rales de vente (CGV)\"}]},{\"@type\":\"WebSite\",\"@id\":\"https:\\\/\\\/www.kbverlag.ch\\\/fr\\\/#website\",\"url\":\"https:\\\/\\\/www.kbverlag.ch\\\/fr\\\/\",\"name\":\"K\u00fcnzlerBachmann Verlag AG\",\"description\":\"\",\"publisher\":{\"@id\":\"https:\\\/\\\/www.kbverlag.ch\\\/fr\\\/#organization\"},\"potentialAction\":[{\"@type\":\"SearchAction\",\"target\":{\"@type\":\"EntryPoint\",\"urlTemplate\":\"https:\\\/\\\/www.kbverlag.ch\\\/fr\\\/?s={search_term_string}\"},\"query-input\":{\"@type\":\"PropertyValueSpecification\",\"valueRequired\":true,\"valueName\":\"search_term_string\"}}],\"inLanguage\":\"fr-FR\"},{\"@type\":\"Organization\",\"@id\":\"https:\\\/\\\/www.kbverlag.ch\\\/fr\\\/#organization\",\"name\":\"K\u00fcnzlerBachmann Verlag AG\",\"url\":\"https:\\\/\\\/www.kbverlag.ch\\\/fr\\\/\",\"logo\":{\"@type\":\"ImageObject\",\"inLanguage\":\"fr-FR\",\"@id\":\"https:\\\/\\\/www.kbverlag.ch\\\/fr\\\/#\\\/schema\\\/logo\\\/image\\\/\",\"url\":\"https:\\\/\\\/www.kbverlag.ch\\\/wp-content\\\/uploads\\\/logo-kbverlag.svg\",\"contentUrl\":\"https:\\\/\\\/www.kbverlag.ch\\\/wp-content\\\/uploads\\\/logo-kbverlag.svg\",\"width\":435,\"height\":95,\"caption\":\"K\u00fcnzlerBachmann Verlag AG\"},\"image\":{\"@id\":\"https:\\\/\\\/www.kbverlag.ch\\\/fr\\\/#\\\/schema\\\/logo\\\/image\\\/\"}}]}<\/script>\n<!-- \/ Yoast SEO plugin. -->","yoast_head_json":{"title":"Conditions g\u00e9n\u00e9rales de vente (CGV) - K\u00fcnzlerBachmann Verlag AG","robots":{"index":"index","follow":"follow","max-snippet":"max-snippet:-1","max-image-preview":"max-image-preview:large","max-video-preview":"max-video-preview:-1"},"canonical":"https:\/\/www.kbverlag.ch\/fr\/cgv\/","og_locale":"fr_FR","og_type":"article","og_title":"Conditions g\u00e9n\u00e9rales de vente (CGV) - K\u00fcnzlerBachmann Verlag AG","og_description":"Conditions g\u00e9n\u00e9rales de vente (CGV) 1. D\u00e9finition du contrat d\u2019insertion En concluant oralement ou par \u00e9crit un contrat d\u2019insertion, la maison d\u2019\u00e9dition s\u2019engage \u00e0 publier une ou plusieurs annonces dans la publication d\u00e9sign\u00e9e. Le client annonceur devra, lui, payer les frais d\u2019insertion correspondants. &nbsp; 2. Normes de droit applicables Le rapport contractuel est r\u00e9gi prioritairement [&hellip;]","og_url":"https:\/\/www.kbverlag.ch\/fr\/cgv\/","og_site_name":"K\u00fcnzlerBachmann Verlag AG","article_modified_time":"2023-05-12T11:45:38+00:00","twitter_card":"summary_large_image","twitter_misc":{"Dur\u00e9e de lecture estim\u00e9e":"8 minutes"},"schema":{"@context":"https:\/\/schema.org","@graph":[{"@type":"WebPage","@id":"https:\/\/www.kbverlag.ch\/fr\/cgv\/","url":"https:\/\/www.kbverlag.ch\/fr\/cgv\/","name":"Conditions g\u00e9n\u00e9rales de vente (CGV) - K\u00fcnzlerBachmann Verlag AG","isPartOf":{"@id":"https:\/\/www.kbverlag.ch\/fr\/#website"},"datePublished":"2022-11-14T10:42:22+00:00","dateModified":"2023-05-12T11:45:38+00:00","breadcrumb":{"@id":"https:\/\/www.kbverlag.ch\/fr\/cgv\/#breadcrumb"},"inLanguage":"fr-FR","potentialAction":[{"@type":"ReadAction","target":["https:\/\/www.kbverlag.ch\/fr\/cgv\/"]}]},{"@type":"BreadcrumbList","@id":"https:\/\/www.kbverlag.ch\/fr\/cgv\/#breadcrumb","itemListElement":[{"@type":"ListItem","position":1,"name":"Startseite","item":"https:\/\/www.kbverlag.ch\/fr\/"},{"@type":"ListItem","position":2,"name":"Conditions g\u00e9n\u00e9rales de vente (CGV)"}]},{"@type":"WebSite","@id":"https:\/\/www.kbverlag.ch\/fr\/#website","url":"https:\/\/www.kbverlag.ch\/fr\/","name":"K\u00fcnzlerBachmann Verlag AG","description":"","publisher":{"@id":"https:\/\/www.kbverlag.ch\/fr\/#organization"},"potentialAction":[{"@type":"SearchAction","target":{"@type":"EntryPoint","urlTemplate":"https:\/\/www.kbverlag.ch\/fr\/?s={search_term_string}"},"query-input":{"@type":"PropertyValueSpecification","valueRequired":true,"valueName":"search_term_string"}}],"inLanguage":"fr-FR"},{"@type":"Organization","@id":"https:\/\/www.kbverlag.ch\/fr\/#organization","name":"K\u00fcnzlerBachmann Verlag AG","url":"https:\/\/www.kbverlag.ch\/fr\/","logo":{"@type":"ImageObject","inLanguage":"fr-FR","@id":"https:\/\/www.kbverlag.ch\/fr\/#\/schema\/logo\/image\/","url":"https:\/\/www.kbverlag.ch\/wp-content\/uploads\/logo-kbverlag.svg","contentUrl":"https:\/\/www.kbverlag.ch\/wp-content\/uploads\/logo-kbverlag.svg","width":435,"height":95,"caption":"K\u00fcnzlerBachmann Verlag AG"},"image":{"@id":"https:\/\/www.kbverlag.ch\/fr\/#\/schema\/logo\/image\/"}}]}},"_links":{"self":[{"href":"https:\/\/www.kbverlag.ch\/fr\/wp-json\/wp\/v2\/pages\/6327","targetHints":{"allow":["GET"]}}],"collection":[{"href":"https:\/\/www.kbverlag.ch\/fr\/wp-json\/wp\/v2\/pages"}],"about":[{"href":"https:\/\/www.kbverlag.ch\/fr\/wp-json\/wp\/v2\/types\/page"}],"author":[{"embeddable":true,"href":"https:\/\/www.kbverlag.ch\/fr\/wp-json\/wp\/v2\/users\/2"}],"replies":[{"embeddable":true,"href":"https:\/\/www.kbverlag.ch\/fr\/wp-json\/wp\/v2\/comments?post=6327"}],"version-history":[{"count":0,"href":"https:\/\/www.kbverlag.ch\/fr\/wp-json\/wp\/v2\/pages\/6327\/revisions"}],"wp:attachment":[{"href":"https:\/\/www.kbverlag.ch\/fr\/wp-json\/wp\/v2\/media?parent=6327"}],"curies":[{"name":"wp","href":"https:\/\/api.w.org\/{rel}","templated":true}]}}