{"id":6315,"date":"2022-10-27T07:27:20","date_gmt":"2022-10-27T05:27:20","guid":{"rendered":"https:\/\/www.kbverlag.ch\/a-propos-de-nous\/impressum\/"},"modified":"2023-05-16T15:23:55","modified_gmt":"2023-05-16T13:23:55","slug":"impressum","status":"publish","type":"page","link":"https:\/\/www.kbverlag.ch\/fr\/a-propos-de-nous\/impressum\/","title":{"rendered":"Impressum"},"content":{"rendered":"\t\t<div data-elementor-type=\"wp-page\" data-elementor-id=\"6315\" class=\"elementor elementor-6315 elementor-3579\" data-elementor-post-type=\"page\">\n\t\t\t\t<section class=\"elementor-element elementor-element-f01672a e-flex e-con-boxed e-con e-parent\" data-id=\"f01672a\" data-element_type=\"container\" data-e-type=\"container\">\n\t\t\t\t\t<div class=\"e-con-inner\">\n\t\t\t\t<div class=\"elementor-element elementor-element-1705463 elementor-widget elementor-widget-heading\" data-id=\"1705463\" data-element_type=\"widget\" data-e-type=\"widget\" data-widget_type=\"heading.default\">\n\t\t\t\t<div class=\"elementor-widget-container\">\n\t\t\t\t\t<h1 class=\"elementor-heading-title elementor-size-default\">Backstage de notre maison d\u2019\u00e9dition<\/h1>\t\t\t\t<\/div>\n\t\t\t\t<\/div>\n\t\t\t\t\t<\/div>\n\t\t\t\t<\/section>\n\t\t<section class=\"elementor-element elementor-element-72c287f e-flex e-con-boxed e-con e-parent\" data-id=\"72c287f\" data-element_type=\"container\" data-e-type=\"container\" data-settings=\"{&quot;background_background&quot;:&quot;classic&quot;}\">\n\t\t\t\t\t<div class=\"e-con-inner\">\n\t\t\t\t<div class=\"elementor-element elementor-element-5516e71 elementor-widget elementor-widget-heading\" data-id=\"5516e71\" data-element_type=\"widget\" data-e-type=\"widget\" data-widget_type=\"heading.default\">\n\t\t\t\t<div class=\"elementor-widget-container\">\n\t\t\t\t\t<h2 class=\"elementor-heading-title elementor-size-default\">Impressum<\/h2>\t\t\t\t<\/div>\n\t\t\t\t<\/div>\n\t\t\t\t<div class=\"elementor-element elementor-element-5842c9e elementor-widget elementor-widget-text-editor\" data-id=\"5842c9e\" data-element_type=\"widget\" data-e-type=\"widget\" data-widget_type=\"text-editor.default\">\n\t\t\t\t<div class=\"elementor-widget-container\">\n\t\t\t\t\t\t\t\t\t<p>K\u00fcnzlerBachmann Verlag AG<br \/>\nZ\u00fcrcherstrasse 601<br \/>\n9015 St. Gallen<br \/>\nT\u00e9l: +41 (0) 71 314 04 44<br \/>\nFax: +41 (0) 71 314 04 45<br \/>\n<a href=\"mailto:info@kbverlag.ch\">info@kbverlag.ch<\/a><\/p>\n\t\t\t\t\t\t\t\t<\/div>\n\t\t\t\t<\/div>\n\t\t\t\t<div class=\"elementor-element elementor-element-0e77e89 elementor-widget elementor-widget-text-editor\" data-id=\"0e77e89\" data-element_type=\"widget\" data-e-type=\"widget\" data-widget_type=\"text-editor.default\">\n\t\t\t\t<div class=\"elementor-widget-container\">\n\t\t\t\t\t\t\t\t\t<p style=\"font-weight: 400;\">Factures par email \u00e0 : <a href=\"mailto:buchhaltung@kueba.ch\">buchhaltung@kueba.ch<\/a><\/p>\n\t\t\t\t\t\t\t\t<\/div>\n\t\t\t\t<\/div>\n\t\t\t\t<div class=\"elementor-element elementor-element-e3b4aa2 elementor-widget elementor-widget-text-editor\" data-id=\"e3b4aa2\" data-element_type=\"widget\" data-e-type=\"widget\" data-widget_type=\"text-editor.default\">\n\t\t\t\t<div class=\"elementor-widget-container\">\n\t\t\t\t\t\t\t\t\t<p><strong>Coordonn\u00e9es bancaires<\/strong> <br \/>UBS AG, 9000 Saint-Gall IBAN: CH12 0025 4254 4332 9501 K BIC: UBSWCHZH80A <br \/>N\u00b0 IDE\/TVA : CHE-107.396.047<\/p>\n\t\t\t\t\t\t\t\t<\/div>\n\t\t\t\t<\/div>\n\t\t\t\t<div class=\"elementor-element elementor-element-a7456a3 elementor-widget-divider--view-line elementor-widget elementor-widget-divider\" data-id=\"a7456a3\" data-element_type=\"widget\" data-e-type=\"widget\" data-widget_type=\"divider.default\">\n\t\t\t\t<div class=\"elementor-widget-container\">\n\t\t\t\t\t\t\t<div class=\"elementor-divider\">\n\t\t\t<span class=\"elementor-divider-separator\">\n\t\t\t\t\t\t<\/span>\n\t\t<\/div>\n\t\t\t\t\t\t<\/div>\n\t\t\t\t<\/div>\n\t\t\t\t<div class=\"elementor-element elementor-element-5954da1 elementor-widget elementor-widget-heading\" data-id=\"5954da1\" data-element_type=\"widget\" data-e-type=\"widget\" data-widget_type=\"heading.default\">\n\t\t\t\t<div class=\"elementor-widget-container\">\n\t\t\t\t\t<h2 class=\"elementor-heading-title elementor-size-default\">Droits d\u2019auteur<\/h2>\t\t\t\t<\/div>\n\t\t\t\t<\/div>\n\t\t\t\t<div class=\"elementor-element elementor-element-bde42d6 elementor-widget elementor-widget-text-editor\" data-id=\"bde42d6\" data-element_type=\"widget\" data-e-type=\"widget\" data-widget_type=\"text-editor.default\">\n\t\t\t\t<div class=\"elementor-widget-container\">\n\t\t\t\t\t\t\t\t\t<p>Le contenu et la structure de nos pages internet sont prot\u00e9g\u00e9s par les droits d\u2019auteur. Toute reproduction d\u2019informations ou de donn\u00e9es et plus particuli\u00e8rement l\u2019exploitation de textes, de parties de textes ou d\u2019images, n\u00e9cessite l\u2019accord pr\u00e9alable de K\u00fcnzlerBachmann Verlag AG. <\/p>\n\t\t\t\t\t\t\t\t<\/div>\n\t\t\t\t<\/div>\n\t\t\t\t<div class=\"elementor-element elementor-element-55da3b8 elementor-widget-divider--view-line elementor-widget elementor-widget-divider\" data-id=\"55da3b8\" data-element_type=\"widget\" data-e-type=\"widget\" data-widget_type=\"divider.default\">\n\t\t\t\t<div class=\"elementor-widget-container\">\n\t\t\t\t\t\t\t<div class=\"elementor-divider\">\n\t\t\t<span class=\"elementor-divider-separator\">\n\t\t\t\t\t\t<\/span>\n\t\t<\/div>\n\t\t\t\t\t\t<\/div>\n\t\t\t\t<\/div>\n\t\t\t\t<div class=\"elementor-element elementor-element-dbc5a6c elementor-widget elementor-widget-heading\" data-id=\"dbc5a6c\" data-element_type=\"widget\" data-e-type=\"widget\" data-widget_type=\"heading.default\">\n\t\t\t\t<div class=\"elementor-widget-container\">\n\t\t\t\t\t<h2 class=\"elementor-heading-title elementor-size-default\">Clause de non-responsabilit\u00e9<\/h2>\t\t\t\t<\/div>\n\t\t\t\t<\/div>\n\t\t\t\t<div class=\"elementor-element elementor-element-a3af990 elementor-widget elementor-widget-text-editor\" data-id=\"a3af990\" data-element_type=\"widget\" data-e-type=\"widget\" data-widget_type=\"text-editor.default\">\n\t\t\t\t<div class=\"elementor-widget-container\">\n\t\t\t\t\t\t\t\t\t<p>K\u00fcnzlerBachmann effectue r\u00e9guli\u00e8rement des mises \u00e0 jour de ses pages Internet. Malgr\u00e9 tout le soin apport\u00e9 \u00e0 ces mises \u00e0 jour, des donn\u00e9es figurant sur ces pages peuvent avoir chang\u00e9 entre deux mises \u00e0 jour. Nous ne pouvons donc assumer aucune responsabilit\u00e9 ni garantie quant \u00e0 l\u2019actualisation, l\u2019exactitude et compl\u00e9tude des informations communiqu\u00e9es. K\u00fcnzlerBachmann se r\u00e9serve par ailleurs le droit de modifier ou compl\u00e9ter \u00e0 tout moment, sans pr\u00e9avis, les pages Internet mises \u00e0 disposition.   <\/p>\n\t\t\t\t\t\t\t\t<\/div>\n\t\t\t\t<\/div>\n\t\t\t\t<div class=\"elementor-element elementor-element-0eb24a1 elementor-widget-divider--view-line elementor-widget elementor-widget-divider\" data-id=\"0eb24a1\" data-element_type=\"widget\" data-e-type=\"widget\" data-widget_type=\"divider.default\">\n\t\t\t\t<div class=\"elementor-widget-container\">\n\t\t\t\t\t\t\t<div class=\"elementor-divider\">\n\t\t\t<span class=\"elementor-divider-separator\">\n\t\t\t\t\t\t<\/span>\n\t\t<\/div>\n\t\t\t\t\t\t<\/div>\n\t\t\t\t<\/div>\n\t\t\t\t<div class=\"elementor-element elementor-element-e39f1d4 elementor-widget elementor-widget-heading\" data-id=\"e39f1d4\" data-element_type=\"widget\" data-e-type=\"widget\" data-widget_type=\"heading.default\">\n\t\t\t\t<div class=\"elementor-widget-container\">\n\t\t\t\t\t<h2 class=\"elementor-heading-title elementor-size-default\">Sites web de tierces parties<\/h2>\t\t\t\t<\/div>\n\t\t\t\t<\/div>\n\t\t\t\t<div class=\"elementor-element elementor-element-69578fc elementor-widget elementor-widget-text-editor\" data-id=\"69578fc\" data-element_type=\"widget\" data-e-type=\"widget\" data-widget_type=\"text-editor.default\">\n\t\t\t\t<div class=\"elementor-widget-container\">\n\t\t\t\t\t\t\t\t\t<p>Tout lien vers d\u2019autres pages Internet, de m\u00eame que toute information de tiers sur ce site web, doivent \u00eatre consid\u00e9r\u00e9s uniquement comme un simple geste de courtoisie envers les utilisateurs. K\u00fcnzlerBachmann n\u2019assumera par cons\u00e9quent aucune responsabilit\u00e9 quant aux contenus desdites pages et ne pourra \u00eatre consid\u00e9r\u00e9 comme d\u00e9fendant les opinions qui y sont publi\u00e9es. K\u00fcnzlerBachmann d\u00e9clinera \u00e9galement toute responsabilit\u00e9 quant \u00e0 des contenus ou pr\u00e9judices d\u00e9coulant de la consultation ou utilisation de pages internet de tiers.  <\/p>\n\t\t\t\t\t\t\t\t<\/div>\n\t\t\t\t<\/div>\n\t\t\t\t\t<\/div>\n\t\t\t\t<\/section>\n\t\t\t\t<\/div>\n\t\t","protected":false},"excerpt":{"rendered":"<p>Backstage de notre maison d\u2019\u00e9dition Impressum K\u00fcnzlerBachmann Verlag AG Z\u00fcrcherstrasse 601 9015 St. Gallen T\u00e9l: +41 (0) 71 314 04 44 Fax: +41 (0) 71 314 04 45 info@kbverlag.ch Factures par email \u00e0 : buchhaltung@kueba.ch Coordonn\u00e9es bancaires UBS AG, 9000 Saint-Gall IBAN: CH12 0025 4254 4332 9501 K BIC: UBSWCHZH80A N\u00b0 IDE\/TVA : CHE-107.396.047 Droits [&hellip;]<\/p>\n","protected":false},"author":2,"featured_media":0,"parent":6294,"menu_order":0,"comment_status":"closed","ping_status":"closed","template":"","meta":{"_acf_changed":false,"footnotes":""},"class_list":["post-6315","page","type-page","status-publish","hentry"],"acf":[],"yoast_head":"<!-- This site is optimized with the Yoast SEO plugin v27.4 - https:\/\/yoast.com\/product\/yoast-seo-wordpress\/ -->\n<title>Impressum - K\u00fcnzlerBachmann Verlag AG<\/title>\n<meta name=\"robots\" content=\"index, follow, max-snippet:-1, max-image-preview:large, max-video-preview:-1\" \/>\n<link rel=\"canonical\" href=\"https:\/\/www.kbverlag.ch\/fr\/a-propos-de-nous\/impressum\/\" \/>\n<meta property=\"og:locale\" content=\"fr_FR\" \/>\n<meta property=\"og:type\" content=\"article\" \/>\n<meta property=\"og:title\" content=\"Impressum - K\u00fcnzlerBachmann Verlag AG\" \/>\n<meta property=\"og:description\" content=\"Backstage de notre maison d\u2019\u00e9dition Impressum K\u00fcnzlerBachmann Verlag AG Z\u00fcrcherstrasse 601 9015 St. Gallen T\u00e9l: +41 (0) 71 314 04 44 Fax: +41 (0) 71 314 04 45 info@kbverlag.ch Factures par email \u00e0 : buchhaltung@kueba.ch Coordonn\u00e9es bancaires UBS AG, 9000 Saint-Gall IBAN: CH12 0025 4254 4332 9501 K BIC: UBSWCHZH80A N\u00b0 IDE\/TVA : CHE-107.396.047 Droits [&hellip;]\" \/>\n<meta property=\"og:url\" content=\"https:\/\/www.kbverlag.ch\/fr\/a-propos-de-nous\/impressum\/\" \/>\n<meta property=\"og:site_name\" content=\"K\u00fcnzlerBachmann Verlag AG\" \/>\n<meta property=\"article:modified_time\" content=\"2023-05-16T13:23:55+00:00\" \/>\n<meta name=\"twitter:card\" content=\"summary_large_image\" \/>\n<meta name=\"twitter:label1\" content=\"Dur\u00e9e de lecture estim\u00e9e\" \/>\n\t<meta name=\"twitter:data1\" content=\"1 minute\" \/>\n<script type=\"application\/ld+json\" class=\"yoast-schema-graph\">{\"@context\":\"https:\\\/\\\/schema.org\",\"@graph\":[{\"@type\":\"WebPage\",\"@id\":\"https:\\\/\\\/www.kbverlag.ch\\\/fr\\\/a-propos-de-nous\\\/impressum\\\/\",\"url\":\"https:\\\/\\\/www.kbverlag.ch\\\/fr\\\/a-propos-de-nous\\\/impressum\\\/\",\"name\":\"Impressum - K\u00fcnzlerBachmann Verlag AG\",\"isPartOf\":{\"@id\":\"https:\\\/\\\/www.kbverlag.ch\\\/fr\\\/#website\"},\"datePublished\":\"2022-10-27T05:27:20+00:00\",\"dateModified\":\"2023-05-16T13:23:55+00:00\",\"breadcrumb\":{\"@id\":\"https:\\\/\\\/www.kbverlag.ch\\\/fr\\\/a-propos-de-nous\\\/impressum\\\/#breadcrumb\"},\"inLanguage\":\"fr-FR\",\"potentialAction\":[{\"@type\":\"ReadAction\",\"target\":[\"https:\\\/\\\/www.kbverlag.ch\\\/fr\\\/a-propos-de-nous\\\/impressum\\\/\"]}]},{\"@type\":\"BreadcrumbList\",\"@id\":\"https:\\\/\\\/www.kbverlag.ch\\\/fr\\\/a-propos-de-nous\\\/impressum\\\/#breadcrumb\",\"itemListElement\":[{\"@type\":\"ListItem\",\"position\":1,\"name\":\"Startseite\",\"item\":\"https:\\\/\\\/www.kbverlag.ch\\\/fr\\\/\"},{\"@type\":\"ListItem\",\"position\":2,\"name\":\"\u00c0 propos de nous\",\"item\":\"https:\\\/\\\/www.kbverlag.ch\\\/fr\\\/a-propos-de-nous\\\/\"},{\"@type\":\"ListItem\",\"position\":3,\"name\":\"Impressum\"}]},{\"@type\":\"WebSite\",\"@id\":\"https:\\\/\\\/www.kbverlag.ch\\\/fr\\\/#website\",\"url\":\"https:\\\/\\\/www.kbverlag.ch\\\/fr\\\/\",\"name\":\"K\u00fcnzlerBachmann Verlag AG\",\"description\":\"\",\"publisher\":{\"@id\":\"https:\\\/\\\/www.kbverlag.ch\\\/fr\\\/#organization\"},\"potentialAction\":[{\"@type\":\"SearchAction\",\"target\":{\"@type\":\"EntryPoint\",\"urlTemplate\":\"https:\\\/\\\/www.kbverlag.ch\\\/fr\\\/?s={search_term_string}\"},\"query-input\":{\"@type\":\"PropertyValueSpecification\",\"valueRequired\":true,\"valueName\":\"search_term_string\"}}],\"inLanguage\":\"fr-FR\"},{\"@type\":\"Organization\",\"@id\":\"https:\\\/\\\/www.kbverlag.ch\\\/fr\\\/#organization\",\"name\":\"K\u00fcnzlerBachmann Verlag AG\",\"url\":\"https:\\\/\\\/www.kbverlag.ch\\\/fr\\\/\",\"logo\":{\"@type\":\"ImageObject\",\"inLanguage\":\"fr-FR\",\"@id\":\"https:\\\/\\\/www.kbverlag.ch\\\/fr\\\/#\\\/schema\\\/logo\\\/image\\\/\",\"url\":\"https:\\\/\\\/www.kbverlag.ch\\\/wp-content\\\/uploads\\\/logo-kbverlag.svg\",\"contentUrl\":\"https:\\\/\\\/www.kbverlag.ch\\\/wp-content\\\/uploads\\\/logo-kbverlag.svg\",\"width\":435,\"height\":95,\"caption\":\"K\u00fcnzlerBachmann Verlag AG\"},\"image\":{\"@id\":\"https:\\\/\\\/www.kbverlag.ch\\\/fr\\\/#\\\/schema\\\/logo\\\/image\\\/\"}}]}<\/script>\n<!-- \/ Yoast SEO plugin. -->","yoast_head_json":{"title":"Impressum - K\u00fcnzlerBachmann Verlag AG","robots":{"index":"index","follow":"follow","max-snippet":"max-snippet:-1","max-image-preview":"max-image-preview:large","max-video-preview":"max-video-preview:-1"},"canonical":"https:\/\/www.kbverlag.ch\/fr\/a-propos-de-nous\/impressum\/","og_locale":"fr_FR","og_type":"article","og_title":"Impressum - K\u00fcnzlerBachmann Verlag AG","og_description":"Backstage de notre maison d\u2019\u00e9dition Impressum K\u00fcnzlerBachmann Verlag AG Z\u00fcrcherstrasse 601 9015 St. Gallen T\u00e9l: +41 (0) 71 314 04 44 Fax: +41 (0) 71 314 04 45 info@kbverlag.ch Factures par email \u00e0 : buchhaltung@kueba.ch Coordonn\u00e9es bancaires UBS AG, 9000 Saint-Gall IBAN: CH12 0025 4254 4332 9501 K BIC: UBSWCHZH80A N\u00b0 IDE\/TVA : CHE-107.396.047 Droits [&hellip;]","og_url":"https:\/\/www.kbverlag.ch\/fr\/a-propos-de-nous\/impressum\/","og_site_name":"K\u00fcnzlerBachmann Verlag AG","article_modified_time":"2023-05-16T13:23:55+00:00","twitter_card":"summary_large_image","twitter_misc":{"Dur\u00e9e de lecture estim\u00e9e":"1 minute"},"schema":{"@context":"https:\/\/schema.org","@graph":[{"@type":"WebPage","@id":"https:\/\/www.kbverlag.ch\/fr\/a-propos-de-nous\/impressum\/","url":"https:\/\/www.kbverlag.ch\/fr\/a-propos-de-nous\/impressum\/","name":"Impressum - K\u00fcnzlerBachmann Verlag AG","isPartOf":{"@id":"https:\/\/www.kbverlag.ch\/fr\/#website"},"datePublished":"2022-10-27T05:27:20+00:00","dateModified":"2023-05-16T13:23:55+00:00","breadcrumb":{"@id":"https:\/\/www.kbverlag.ch\/fr\/a-propos-de-nous\/impressum\/#breadcrumb"},"inLanguage":"fr-FR","potentialAction":[{"@type":"ReadAction","target":["https:\/\/www.kbverlag.ch\/fr\/a-propos-de-nous\/impressum\/"]}]},{"@type":"BreadcrumbList","@id":"https:\/\/www.kbverlag.ch\/fr\/a-propos-de-nous\/impressum\/#breadcrumb","itemListElement":[{"@type":"ListItem","position":1,"name":"Startseite","item":"https:\/\/www.kbverlag.ch\/fr\/"},{"@type":"ListItem","position":2,"name":"\u00c0 propos de nous","item":"https:\/\/www.kbverlag.ch\/fr\/a-propos-de-nous\/"},{"@type":"ListItem","position":3,"name":"Impressum"}]},{"@type":"WebSite","@id":"https:\/\/www.kbverlag.ch\/fr\/#website","url":"https:\/\/www.kbverlag.ch\/fr\/","name":"K\u00fcnzlerBachmann Verlag AG","description":"","publisher":{"@id":"https:\/\/www.kbverlag.ch\/fr\/#organization"},"potentialAction":[{"@type":"SearchAction","target":{"@type":"EntryPoint","urlTemplate":"https:\/\/www.kbverlag.ch\/fr\/?s={search_term_string}"},"query-input":{"@type":"PropertyValueSpecification","valueRequired":true,"valueName":"search_term_string"}}],"inLanguage":"fr-FR"},{"@type":"Organization","@id":"https:\/\/www.kbverlag.ch\/fr\/#organization","name":"K\u00fcnzlerBachmann Verlag AG","url":"https:\/\/www.kbverlag.ch\/fr\/","logo":{"@type":"ImageObject","inLanguage":"fr-FR","@id":"https:\/\/www.kbverlag.ch\/fr\/#\/schema\/logo\/image\/","url":"https:\/\/www.kbverlag.ch\/wp-content\/uploads\/logo-kbverlag.svg","contentUrl":"https:\/\/www.kbverlag.ch\/wp-content\/uploads\/logo-kbverlag.svg","width":435,"height":95,"caption":"K\u00fcnzlerBachmann Verlag AG"},"image":{"@id":"https:\/\/www.kbverlag.ch\/fr\/#\/schema\/logo\/image\/"}}]}},"_links":{"self":[{"href":"https:\/\/www.kbverlag.ch\/fr\/wp-json\/wp\/v2\/pages\/6315","targetHints":{"allow":["GET"]}}],"collection":[{"href":"https:\/\/www.kbverlag.ch\/fr\/wp-json\/wp\/v2\/pages"}],"about":[{"href":"https:\/\/www.kbverlag.ch\/fr\/wp-json\/wp\/v2\/types\/page"}],"author":[{"embeddable":true,"href":"https:\/\/www.kbverlag.ch\/fr\/wp-json\/wp\/v2\/users\/2"}],"replies":[{"embeddable":true,"href":"https:\/\/www.kbverlag.ch\/fr\/wp-json\/wp\/v2\/comments?post=6315"}],"version-history":[{"count":0,"href":"https:\/\/www.kbverlag.ch\/fr\/wp-json\/wp\/v2\/pages\/6315\/revisions"}],"up":[{"embeddable":true,"href":"https:\/\/www.kbverlag.ch\/fr\/wp-json\/wp\/v2\/pages\/6294"}],"wp:attachment":[{"href":"https:\/\/www.kbverlag.ch\/fr\/wp-json\/wp\/v2\/media?parent=6315"}],"curies":[{"name":"wp","href":"https:\/\/api.w.org\/{rel}","templated":true}]}}