{"id":6305,"date":"2022-11-14T14:00:46","date_gmt":"2022-11-14T13:00:46","guid":{"rendered":"https:\/\/www.kbverlag.ch\/offres-d-emploi\/"},"modified":"2025-06-30T09:28:44","modified_gmt":"2025-06-30T07:28:44","slug":"offres-d-emploi","status":"publish","type":"page","link":"https:\/\/www.kbverlag.ch\/fr\/offres-d-emploi\/","title":{"rendered":"Offres d\u2019emploi"},"content":{"rendered":"\t\t<div data-elementor-type=\"wp-page\" data-elementor-id=\"6305\" class=\"elementor elementor-6305 elementor-4217\" data-elementor-post-type=\"page\">\n\t\t\t\t<section class=\"elementor-element elementor-element-f01672a e-flex e-con-boxed e-con e-parent\" data-id=\"f01672a\" data-element_type=\"container\" data-e-type=\"container\">\n\t\t\t\t\t<div class=\"e-con-inner\">\n\t\t\t\t<div class=\"elementor-element elementor-element-1705463 elementor-widget elementor-widget-heading\" data-id=\"1705463\" data-element_type=\"widget\" data-e-type=\"widget\" data-widget_type=\"heading.default\">\n\t\t\t\t<div class=\"elementor-widget-container\">\n\t\t\t\t\t<h1 class=\"elementor-heading-title elementor-size-default\">Travailler chez K\u00fcnzlerBachmann Verlag AG<\/h1>\t\t\t\t<\/div>\n\t\t\t\t<\/div>\n\t\t\t\t\t<\/div>\n\t\t\t\t<\/section>\n\t\t<section class=\"elementor-element elementor-element-d1d92f2 e-flex e-con-boxed e-con e-parent\" data-id=\"d1d92f2\" data-element_type=\"container\" data-e-type=\"container\">\n\t\t\t\t\t<div class=\"e-con-inner\">\n\t\t\t\t<div class=\"elementor-element elementor-element-3fa1436 elementor-widget elementor-widget-heading\" data-id=\"3fa1436\" data-element_type=\"widget\" data-e-type=\"widget\" data-widget_type=\"heading.default\">\n\t\t\t\t<div class=\"elementor-widget-container\">\n\t\t\t\t\t<h2 class=\"elementor-heading-title elementor-size-default\">Postes \u00e0 pourvoir<\/h2>\t\t\t\t<\/div>\n\t\t\t\t<\/div>\n\t\t\t\t<div class=\"elementor-element elementor-element-fd45009 roterlink elementor-widget elementor-widget-text-editor\" data-id=\"fd45009\" data-element_type=\"widget\" data-e-type=\"widget\" data-widget_type=\"text-editor.default\">\n\t\t\t\t<div class=\"elementor-widget-container\">\n\t\t\t\t\t\t\t\t\t<p>Vous trouverez ici la liste des postes \u00e0 pourvoir au sein de notre entreprise. Si en ce moment il n\u2019y en a pas, vous pouvez nous transmettre un dossier de candidature spontan\u00e9e \u00e0 l\u2019adresse <a href=\"mailto:jobs@kueba.ch\" data-mce-href=\"mailto:jobs@kueba.ch\">jobs@kueba.ch<\/a>.<\/p>\n\t\t\t\t\t\t\t\t<\/div>\n\t\t\t\t<\/div>\n\t\t\t\t<div class=\"elementor-element elementor-element-478cb16 elementor-widget elementor-widget-text-editor\" data-id=\"478cb16\" data-element_type=\"widget\" data-e-type=\"widget\" data-widget_type=\"text-editor.default\">\n\t\t\t\t<div class=\"elementor-widget-container\">\n\t\t\t\t\t\t\t\t\t<p>Actuellement, nous n&rsquo;avons pas de poste vacant.<\/p>\n\t\t\t\t\t\t\t\t<\/div>\n\t\t\t\t<\/div>\n\t\t\t\t\t<\/div>\n\t\t\t\t<\/section>\n\t\t\t\t<\/div>\n\t\t","protected":false},"excerpt":{"rendered":"<p>Travailler chez K\u00fcnzlerBachmann Verlag AG Postes \u00e0 pourvoir Vous trouverez ici la liste des postes \u00e0 pourvoir au sein de notre entreprise. Si en ce moment il n\u2019y en a pas, vous pouvez nous transmettre un dossier de candidature spontan\u00e9e \u00e0 l\u2019adresse jobs@kueba.ch. Actuellement, nous n&rsquo;avons pas de poste vacant.<\/p>\n","protected":false},"author":2,"featured_media":0,"parent":0,"menu_order":0,"comment_status":"closed","ping_status":"closed","template":"","meta":{"_acf_changed":false,"footnotes":""},"class_list":["post-6305","page","type-page","status-publish","hentry"],"acf":[],"yoast_head":"<!-- This site is optimized with the Yoast SEO plugin v27.2 - https:\/\/yoast.com\/product\/yoast-seo-wordpress\/ -->\n<title>Offres d\u2019emploi - K\u00fcnzlerBachmann Verlag AG<\/title>\n<meta name=\"robots\" content=\"index, follow, max-snippet:-1, max-image-preview:large, max-video-preview:-1\" \/>\n<link rel=\"canonical\" href=\"https:\/\/www.kbverlag.ch\/fr\/offres-d-emploi\/\" \/>\n<meta property=\"og:locale\" content=\"fr_FR\" \/>\n<meta property=\"og:type\" content=\"article\" \/>\n<meta property=\"og:title\" content=\"Offres d\u2019emploi - K\u00fcnzlerBachmann Verlag AG\" \/>\n<meta property=\"og:description\" content=\"Travailler chez K\u00fcnzlerBachmann Verlag AG Postes \u00e0 pourvoir Vous trouverez ici la liste des postes \u00e0 pourvoir au sein de notre entreprise. Si en ce moment il n\u2019y en a pas, vous pouvez nous transmettre un dossier de candidature spontan\u00e9e \u00e0 l\u2019adresse jobs@kueba.ch. Actuellement, nous n&rsquo;avons pas de poste vacant.\" \/>\n<meta property=\"og:url\" content=\"https:\/\/www.kbverlag.ch\/fr\/offres-d-emploi\/\" \/>\n<meta property=\"og:site_name\" content=\"K\u00fcnzlerBachmann Verlag AG\" \/>\n<meta property=\"article:modified_time\" content=\"2025-06-30T07:28:44+00:00\" \/>\n<meta name=\"twitter:card\" content=\"summary_large_image\" \/>\n<script type=\"application\/ld+json\" class=\"yoast-schema-graph\">{\"@context\":\"https:\/\/schema.org\",\"@graph\":[{\"@type\":\"WebPage\",\"@id\":\"https:\/\/www.kbverlag.ch\/fr\/offres-d-emploi\/\",\"url\":\"https:\/\/www.kbverlag.ch\/fr\/offres-d-emploi\/\",\"name\":\"Offres d\u2019emploi - K\u00fcnzlerBachmann Verlag AG\",\"isPartOf\":{\"@id\":\"https:\/\/www.kbverlag.ch\/fr\/#website\"},\"datePublished\":\"2022-11-14T13:00:46+00:00\",\"dateModified\":\"2025-06-30T07:28:44+00:00\",\"breadcrumb\":{\"@id\":\"https:\/\/www.kbverlag.ch\/fr\/offres-d-emploi\/#breadcrumb\"},\"inLanguage\":\"fr-FR\",\"potentialAction\":[{\"@type\":\"ReadAction\",\"target\":[\"https:\/\/www.kbverlag.ch\/fr\/offres-d-emploi\/\"]}]},{\"@type\":\"BreadcrumbList\",\"@id\":\"https:\/\/www.kbverlag.ch\/fr\/offres-d-emploi\/#breadcrumb\",\"itemListElement\":[{\"@type\":\"ListItem\",\"position\":1,\"name\":\"Startseite\",\"item\":\"https:\/\/www.kbverlag.ch\/fr\/\"},{\"@type\":\"ListItem\",\"position\":2,\"name\":\"Offres d\u2019emploi\"}]},{\"@type\":\"WebSite\",\"@id\":\"https:\/\/www.kbverlag.ch\/fr\/#website\",\"url\":\"https:\/\/www.kbverlag.ch\/fr\/\",\"name\":\"K\u00fcnzlerBachmann Verlag AG\",\"description\":\"\",\"publisher\":{\"@id\":\"https:\/\/www.kbverlag.ch\/fr\/#organization\"},\"potentialAction\":[{\"@type\":\"SearchAction\",\"target\":{\"@type\":\"EntryPoint\",\"urlTemplate\":\"https:\/\/www.kbverlag.ch\/fr\/?s={search_term_string}\"},\"query-input\":{\"@type\":\"PropertyValueSpecification\",\"valueRequired\":true,\"valueName\":\"search_term_string\"}}],\"inLanguage\":\"fr-FR\"},{\"@type\":\"Organization\",\"@id\":\"https:\/\/www.kbverlag.ch\/fr\/#organization\",\"name\":\"K\u00fcnzlerBachmann Verlag AG\",\"url\":\"https:\/\/www.kbverlag.ch\/fr\/\",\"logo\":{\"@type\":\"ImageObject\",\"inLanguage\":\"fr-FR\",\"@id\":\"https:\/\/www.kbverlag.ch\/fr\/#\/schema\/logo\/image\/\",\"url\":\"https:\/\/www.kbverlag.ch\/wp-content\/uploads\/logo-kbverlag.svg\",\"contentUrl\":\"https:\/\/www.kbverlag.ch\/wp-content\/uploads\/logo-kbverlag.svg\",\"width\":435,\"height\":95,\"caption\":\"K\u00fcnzlerBachmann Verlag AG\"},\"image\":{\"@id\":\"https:\/\/www.kbverlag.ch\/fr\/#\/schema\/logo\/image\/\"}}]}<\/script>\n<!-- \/ Yoast SEO plugin. -->","yoast_head_json":{"title":"Offres d\u2019emploi - K\u00fcnzlerBachmann Verlag AG","robots":{"index":"index","follow":"follow","max-snippet":"max-snippet:-1","max-image-preview":"max-image-preview:large","max-video-preview":"max-video-preview:-1"},"canonical":"https:\/\/www.kbverlag.ch\/fr\/offres-d-emploi\/","og_locale":"fr_FR","og_type":"article","og_title":"Offres d\u2019emploi - K\u00fcnzlerBachmann Verlag AG","og_description":"Travailler chez K\u00fcnzlerBachmann Verlag AG Postes \u00e0 pourvoir Vous trouverez ici la liste des postes \u00e0 pourvoir au sein de notre entreprise. Si en ce moment il n\u2019y en a pas, vous pouvez nous transmettre un dossier de candidature spontan\u00e9e \u00e0 l\u2019adresse jobs@kueba.ch. Actuellement, nous n&rsquo;avons pas de poste vacant.","og_url":"https:\/\/www.kbverlag.ch\/fr\/offres-d-emploi\/","og_site_name":"K\u00fcnzlerBachmann Verlag AG","article_modified_time":"2025-06-30T07:28:44+00:00","twitter_card":"summary_large_image","schema":{"@context":"https:\/\/schema.org","@graph":[{"@type":"WebPage","@id":"https:\/\/www.kbverlag.ch\/fr\/offres-d-emploi\/","url":"https:\/\/www.kbverlag.ch\/fr\/offres-d-emploi\/","name":"Offres d\u2019emploi - K\u00fcnzlerBachmann Verlag AG","isPartOf":{"@id":"https:\/\/www.kbverlag.ch\/fr\/#website"},"datePublished":"2022-11-14T13:00:46+00:00","dateModified":"2025-06-30T07:28:44+00:00","breadcrumb":{"@id":"https:\/\/www.kbverlag.ch\/fr\/offres-d-emploi\/#breadcrumb"},"inLanguage":"fr-FR","potentialAction":[{"@type":"ReadAction","target":["https:\/\/www.kbverlag.ch\/fr\/offres-d-emploi\/"]}]},{"@type":"BreadcrumbList","@id":"https:\/\/www.kbverlag.ch\/fr\/offres-d-emploi\/#breadcrumb","itemListElement":[{"@type":"ListItem","position":1,"name":"Startseite","item":"https:\/\/www.kbverlag.ch\/fr\/"},{"@type":"ListItem","position":2,"name":"Offres d\u2019emploi"}]},{"@type":"WebSite","@id":"https:\/\/www.kbverlag.ch\/fr\/#website","url":"https:\/\/www.kbverlag.ch\/fr\/","name":"K\u00fcnzlerBachmann Verlag AG","description":"","publisher":{"@id":"https:\/\/www.kbverlag.ch\/fr\/#organization"},"potentialAction":[{"@type":"SearchAction","target":{"@type":"EntryPoint","urlTemplate":"https:\/\/www.kbverlag.ch\/fr\/?s={search_term_string}"},"query-input":{"@type":"PropertyValueSpecification","valueRequired":true,"valueName":"search_term_string"}}],"inLanguage":"fr-FR"},{"@type":"Organization","@id":"https:\/\/www.kbverlag.ch\/fr\/#organization","name":"K\u00fcnzlerBachmann Verlag AG","url":"https:\/\/www.kbverlag.ch\/fr\/","logo":{"@type":"ImageObject","inLanguage":"fr-FR","@id":"https:\/\/www.kbverlag.ch\/fr\/#\/schema\/logo\/image\/","url":"https:\/\/www.kbverlag.ch\/wp-content\/uploads\/logo-kbverlag.svg","contentUrl":"https:\/\/www.kbverlag.ch\/wp-content\/uploads\/logo-kbverlag.svg","width":435,"height":95,"caption":"K\u00fcnzlerBachmann Verlag AG"},"image":{"@id":"https:\/\/www.kbverlag.ch\/fr\/#\/schema\/logo\/image\/"}}]}},"_links":{"self":[{"href":"https:\/\/www.kbverlag.ch\/fr\/wp-json\/wp\/v2\/pages\/6305","targetHints":{"allow":["GET"]}}],"collection":[{"href":"https:\/\/www.kbverlag.ch\/fr\/wp-json\/wp\/v2\/pages"}],"about":[{"href":"https:\/\/www.kbverlag.ch\/fr\/wp-json\/wp\/v2\/types\/page"}],"author":[{"embeddable":true,"href":"https:\/\/www.kbverlag.ch\/fr\/wp-json\/wp\/v2\/users\/2"}],"replies":[{"embeddable":true,"href":"https:\/\/www.kbverlag.ch\/fr\/wp-json\/wp\/v2\/comments?post=6305"}],"version-history":[{"count":10,"href":"https:\/\/www.kbverlag.ch\/fr\/wp-json\/wp\/v2\/pages\/6305\/revisions"}],"predecessor-version":[{"id":9892,"href":"https:\/\/www.kbverlag.ch\/fr\/wp-json\/wp\/v2\/pages\/6305\/revisions\/9892"}],"wp:attachment":[{"href":"https:\/\/www.kbverlag.ch\/fr\/wp-json\/wp\/v2\/media?parent=6305"}],"curies":[{"name":"wp","href":"https:\/\/api.w.org\/{rel}","templated":true}]}}