{"id":6289,"date":"2022-10-27T07:26:28","date_gmt":"2022-10-27T05:26:28","guid":{"rendered":"https:\/\/www.kbverlag.ch\/l-entreprise\/"},"modified":"2023-04-04T15:22:12","modified_gmt":"2023-04-04T13:22:12","slug":"l-entreprise","status":"publish","type":"page","link":"https:\/\/www.kbverlag.ch\/fr\/a-propos-de-nous\/l-entreprise\/","title":{"rendered":"L\u2019entreprise"},"content":{"rendered":"\t\t<div data-elementor-type=\"wp-page\" data-elementor-id=\"6289\" class=\"elementor elementor-6289 elementor-3573\" data-elementor-post-type=\"page\">\n\t\t\t\t<section class=\"elementor-element elementor-element-a5600ae e-flex e-con-boxed e-con e-parent\" data-id=\"a5600ae\" data-element_type=\"container\" data-e-type=\"container\">\n\t\t\t\t\t<div class=\"e-con-inner\">\n\t\t\t\t<div class=\"elementor-element elementor-element-8317271 elementor-widget__width-initial elementor-widget elementor-widget-heading\" data-id=\"8317271\" data-element_type=\"widget\" data-e-type=\"widget\" data-widget_type=\"heading.default\">\n\t\t\t\t<div class=\"elementor-widget-container\">\n\t\t\t\t\t<h1 class=\"elementor-heading-title elementor-size-default\">Plus de 110 ans d\u2019\u00e2ge et pas un <br>brin de fatigue !<\/h1>\t\t\t\t<\/div>\n\t\t\t\t<\/div>\n\t\t\t\t<div class=\"elementor-element elementor-element-68beaae elementor-widget__width-initial elementor-widget elementor-widget-image\" data-id=\"68beaae\" data-element_type=\"widget\" data-e-type=\"widget\" data-widget_type=\"image.default\">\n\t\t\t\t<div class=\"elementor-widget-container\">\n\t\t\t\t\t\t\t\t\t\t\t\t\t\t\t<img fetchpriority=\"high\" decoding=\"async\" width=\"1200\" height=\"686\" src=\"https:\/\/www.kbverlag.ch\/wp-content\/uploads\/bild-else-und-kurt-kuenzler.jpg\" class=\"attachment-full size-full wp-image-4450\" alt=\"\" srcset=\"https:\/\/www.kbverlag.ch\/wp-content\/uploads\/bild-else-und-kurt-kuenzler.jpg 1200w, https:\/\/www.kbverlag.ch\/wp-content\/uploads\/bild-else-und-kurt-kuenzler-300x172.jpg 300w, https:\/\/www.kbverlag.ch\/wp-content\/uploads\/bild-else-und-kurt-kuenzler-1024x585.jpg 1024w, https:\/\/www.kbverlag.ch\/wp-content\/uploads\/bild-else-und-kurt-kuenzler-768x439.jpg 768w\" sizes=\"(max-width: 1200px) 100vw, 1200px\" \/>\t\t\t\t\t\t\t\t\t\t\t\t\t\t\t<\/div>\n\t\t\t\t<\/div>\n\t\t\t\t<div class=\"elementor-element elementor-element-53c2f0d elementor-widget__width-initial elementor-widget elementor-widget-text-editor\" data-id=\"53c2f0d\" data-element_type=\"widget\" data-e-type=\"widget\" data-widget_type=\"text-editor.default\">\n\t\t\t\t<div class=\"elementor-widget-container\">\n\t\t\t\t\t\t\t\t\t<p>K\u00fcnzlerBachmann est dans l\u2019\u00e9dition depuis 1912. Sa longue exp\u00e9rience dans ce domaine se voit \u00e0 son vaste champ de connaissances et haut niveau de comp\u00e9tence en m\u00e9dias imprim\u00e9s et \u00e9lectroniques.<\/p>\n\t\t\t\t\t\t\t\t<\/div>\n\t\t\t\t<\/div>\n\t\t\t\t<div class=\"elementor-element elementor-element-1883017 elementor-widget__width-initial elementor-widget elementor-widget-text-editor\" data-id=\"1883017\" data-element_type=\"widget\" data-e-type=\"widget\" data-widget_type=\"text-editor.default\">\n\t\t\t\t<div class=\"elementor-widget-container\">\n\t\t\t\t\t\t\t\t\t<p style=\"font-weight: 400;\">K\u00fcnzlerBachmann publie en auto-\u00e9dition divers magazines sp\u00e9ciaux et magazines sp\u00e9cialis\u00e9s. Notre domaine phare est les m\u00e9dias consacr\u00e9s \u00e0 la famille comme, par exemple, notre guide pour les futurs ou jeunes parents, notre magazine parental \u00ab\u00a0FamilienSPICK\u00a0\u00bb ou bien encore notre portail swissfamily.ch, activ\u00e9 en 1999. Notre maison d\u2019\u00e9dition est r\u00e9put\u00e9e aussi pour SPICK (magazine pour les jeunes lanc\u00e9 il y a plus de 40 ans) et son site web spick.ch. Il y a aussi \u00ab\u00a0MiniSPICK\u00a0\u00bb, magazine pour les tout-petits lanc\u00e9 en 2015. Et, pour les arts culinaires et plaisirs de la table\u00a0: le magazine TAVOLA.<\/p>\n\t\t\t\t\t\t\t\t<\/div>\n\t\t\t\t<\/div>\n\t\t\t\t<div class=\"elementor-element elementor-element-8e74398 elementor-widget__width-initial elementor-widget elementor-widget-text-editor\" data-id=\"8e74398\" data-element_type=\"widget\" data-e-type=\"widget\" data-widget_type=\"text-editor.default\">\n\t\t\t\t<div class=\"elementor-widget-container\">\n\t\t\t\t\t\t\t\t\t<p style=\"font-weight: 400;\">Notre savoir-faire et exp\u00e9rience dans les diff\u00e9rents domaines de l\u2019\u00e9dition, nous les transmettons volontiers. Etant une entreprise g\u00e9n\u00e9raliste, nous prenons en charge de A \u00e0 Z les m\u00e9dias que nous confient, dans le cadre de mandats, diverses soci\u00e9t\u00e9s, associations et institutions. Si vous le souhaitez, nous serons ravis de collaborer avec vous m\u00eame sous forme modulaire, c\u2019est-\u00e0-dire\u00a0en prenant en charge uniquement les domaines que vous nous confierez (domaines comme le marketing lectorat\/annonceurs par exemple, et pouvant aller jusqu\u2019\u00e0 la gestion de vos abonn\u00e9s). H\u00e9berg\u00e9e dans nos propres locaux, notre filiale Heussercrea AG effectue toutes les \u00e9tapes pr\u00e9-impression.<\/p>\n\t\t\t\t\t\t\t\t<\/div>\n\t\t\t\t<\/div>\n\t\t\t\t<div class=\"elementor-element elementor-element-b95039a elementor-widget__width-initial elementor-widget elementor-widget-text-editor\" data-id=\"b95039a\" data-element_type=\"widget\" data-e-type=\"widget\" data-widget_type=\"text-editor.default\">\n\t\t\t\t<div class=\"elementor-widget-container\">\n\t\t\t\t\t\t\t\t\t<p style=\"font-weight: 400;\">Notre sp\u00e9cialit\u00e9 av\u00e9r\u00e9e est la conception, l\u2019accompagnement r\u00e9dactionnel et l\u2019\u00e9dition sur mesure de revues pour enfants\/adolescents. Avec nous, votre id\u00e9e dans ce domaine sera entre les meilleures mains.<\/p>\n\t\t\t\t\t\t\t\t<\/div>\n\t\t\t\t<\/div>\n\t\t\t\t\t<\/div>\n\t\t\t\t<\/section>\n\t\t\t\t<\/div>\n\t\t","protected":false},"excerpt":{"rendered":"<p>Plus de 110 ans d\u2019\u00e2ge et pas un brin de fatigue ! K\u00fcnzlerBachmann est dans l\u2019\u00e9dition depuis 1912. Sa longue exp\u00e9rience dans ce domaine se voit \u00e0 son vaste champ de connaissances et haut niveau de comp\u00e9tence en m\u00e9dias imprim\u00e9s et \u00e9lectroniques. K\u00fcnzlerBachmann publie en auto-\u00e9dition divers magazines sp\u00e9ciaux et magazines sp\u00e9cialis\u00e9s. Notre domaine phare [&hellip;]<\/p>\n","protected":false},"author":2,"featured_media":0,"parent":6294,"menu_order":0,"comment_status":"closed","ping_status":"closed","template":"","meta":{"_acf_changed":false,"footnotes":""},"class_list":["post-6289","page","type-page","status-publish","hentry"],"acf":[],"yoast_head":"<!-- This site is optimized with the Yoast SEO plugin v27.5 - https:\/\/yoast.com\/product\/yoast-seo-wordpress\/ -->\n<title>L\u2019entreprise - K\u00fcnzlerBachmann Verlag AG<\/title>\n<meta name=\"description\" content=\"K\u00fcnzlerBachmann est dans l\u2019\u00e9dition depuis 1912. Sa longue exp\u00e9rience dans ce domaine se voit \u00e0 son vaste champ de connaissances et haut niveau de comp\u00e9tence en m\u00e9dias imprim\u00e9s et \u00e9lectroniques.\" \/>\n<meta name=\"robots\" content=\"index, follow, max-snippet:-1, max-image-preview:large, max-video-preview:-1\" \/>\n<link rel=\"canonical\" href=\"https:\/\/www.kbverlag.ch\/fr\/a-propos-de-nous\/l-entreprise\/\" \/>\n<meta property=\"og:locale\" content=\"fr_FR\" \/>\n<meta property=\"og:type\" content=\"article\" \/>\n<meta property=\"og:title\" content=\"L\u2019entreprise - K\u00fcnzlerBachmann Verlag AG\" \/>\n<meta property=\"og:description\" content=\"K\u00fcnzlerBachmann est dans l\u2019\u00e9dition depuis 1912. Sa longue exp\u00e9rience dans ce domaine se voit \u00e0 son vaste champ de connaissances et haut niveau de comp\u00e9tence en m\u00e9dias imprim\u00e9s et \u00e9lectroniques.\" \/>\n<meta property=\"og:url\" content=\"https:\/\/www.kbverlag.ch\/fr\/a-propos-de-nous\/l-entreprise\/\" \/>\n<meta property=\"og:site_name\" content=\"K\u00fcnzlerBachmann Verlag AG\" \/>\n<meta property=\"article:modified_time\" content=\"2023-04-04T13:22:12+00:00\" \/>\n<meta property=\"og:image\" content=\"https:\/\/www.kbverlag.ch\/wp-content\/uploads\/bild-else-und-kurt-kuenzler.jpg\" \/>\n<meta name=\"twitter:card\" content=\"summary_large_image\" \/>\n<meta name=\"twitter:label1\" content=\"Dur\u00e9e de lecture estim\u00e9e\" \/>\n\t<meta name=\"twitter:data1\" content=\"1 minute\" \/>\n<script type=\"application\/ld+json\" class=\"yoast-schema-graph\">{\"@context\":\"https:\\\/\\\/schema.org\",\"@graph\":[{\"@type\":\"WebPage\",\"@id\":\"https:\\\/\\\/www.kbverlag.ch\\\/fr\\\/a-propos-de-nous\\\/l-entreprise\\\/\",\"url\":\"https:\\\/\\\/www.kbverlag.ch\\\/fr\\\/a-propos-de-nous\\\/l-entreprise\\\/\",\"name\":\"L\u2019entreprise - K\u00fcnzlerBachmann Verlag AG\",\"isPartOf\":{\"@id\":\"https:\\\/\\\/www.kbverlag.ch\\\/fr\\\/#website\"},\"primaryImageOfPage\":{\"@id\":\"https:\\\/\\\/www.kbverlag.ch\\\/fr\\\/a-propos-de-nous\\\/l-entreprise\\\/#primaryimage\"},\"image\":{\"@id\":\"https:\\\/\\\/www.kbverlag.ch\\\/fr\\\/a-propos-de-nous\\\/l-entreprise\\\/#primaryimage\"},\"thumbnailUrl\":\"https:\\\/\\\/www.kbverlag.ch\\\/wp-content\\\/uploads\\\/bild-else-und-kurt-kuenzler.jpg\",\"datePublished\":\"2022-10-27T05:26:28+00:00\",\"dateModified\":\"2023-04-04T13:22:12+00:00\",\"description\":\"K\u00fcnzlerBachmann est dans l\u2019\u00e9dition depuis 1912. Sa longue exp\u00e9rience dans ce domaine se voit \u00e0 son vaste champ de connaissances et haut niveau de comp\u00e9tence en m\u00e9dias imprim\u00e9s et \u00e9lectroniques.\",\"breadcrumb\":{\"@id\":\"https:\\\/\\\/www.kbverlag.ch\\\/fr\\\/a-propos-de-nous\\\/l-entreprise\\\/#breadcrumb\"},\"inLanguage\":\"fr-FR\",\"potentialAction\":[{\"@type\":\"ReadAction\",\"target\":[\"https:\\\/\\\/www.kbverlag.ch\\\/fr\\\/a-propos-de-nous\\\/l-entreprise\\\/\"]}]},{\"@type\":\"ImageObject\",\"inLanguage\":\"fr-FR\",\"@id\":\"https:\\\/\\\/www.kbverlag.ch\\\/fr\\\/a-propos-de-nous\\\/l-entreprise\\\/#primaryimage\",\"url\":\"https:\\\/\\\/www.kbverlag.ch\\\/wp-content\\\/uploads\\\/bild-else-und-kurt-kuenzler.jpg\",\"contentUrl\":\"https:\\\/\\\/www.kbverlag.ch\\\/wp-content\\\/uploads\\\/bild-else-und-kurt-kuenzler.jpg\"},{\"@type\":\"BreadcrumbList\",\"@id\":\"https:\\\/\\\/www.kbverlag.ch\\\/fr\\\/a-propos-de-nous\\\/l-entreprise\\\/#breadcrumb\",\"itemListElement\":[{\"@type\":\"ListItem\",\"position\":1,\"name\":\"Startseite\",\"item\":\"https:\\\/\\\/www.kbverlag.ch\\\/fr\\\/\"},{\"@type\":\"ListItem\",\"position\":2,\"name\":\"\u00c0 propos de nous\",\"item\":\"https:\\\/\\\/www.kbverlag.ch\\\/fr\\\/a-propos-de-nous\\\/\"},{\"@type\":\"ListItem\",\"position\":3,\"name\":\"L\u2019entreprise\"}]},{\"@type\":\"WebSite\",\"@id\":\"https:\\\/\\\/www.kbverlag.ch\\\/fr\\\/#website\",\"url\":\"https:\\\/\\\/www.kbverlag.ch\\\/fr\\\/\",\"name\":\"K\u00fcnzlerBachmann Verlag AG\",\"description\":\"\",\"publisher\":{\"@id\":\"https:\\\/\\\/www.kbverlag.ch\\\/fr\\\/#organization\"},\"potentialAction\":[{\"@type\":\"SearchAction\",\"target\":{\"@type\":\"EntryPoint\",\"urlTemplate\":\"https:\\\/\\\/www.kbverlag.ch\\\/fr\\\/?s={search_term_string}\"},\"query-input\":{\"@type\":\"PropertyValueSpecification\",\"valueRequired\":true,\"valueName\":\"search_term_string\"}}],\"inLanguage\":\"fr-FR\"},{\"@type\":\"Organization\",\"@id\":\"https:\\\/\\\/www.kbverlag.ch\\\/fr\\\/#organization\",\"name\":\"K\u00fcnzlerBachmann Verlag AG\",\"url\":\"https:\\\/\\\/www.kbverlag.ch\\\/fr\\\/\",\"logo\":{\"@type\":\"ImageObject\",\"inLanguage\":\"fr-FR\",\"@id\":\"https:\\\/\\\/www.kbverlag.ch\\\/fr\\\/#\\\/schema\\\/logo\\\/image\\\/\",\"url\":\"https:\\\/\\\/www.kbverlag.ch\\\/wp-content\\\/uploads\\\/logo-kbverlag.svg\",\"contentUrl\":\"https:\\\/\\\/www.kbverlag.ch\\\/wp-content\\\/uploads\\\/logo-kbverlag.svg\",\"width\":435,\"height\":95,\"caption\":\"K\u00fcnzlerBachmann Verlag AG\"},\"image\":{\"@id\":\"https:\\\/\\\/www.kbverlag.ch\\\/fr\\\/#\\\/schema\\\/logo\\\/image\\\/\"}}]}<\/script>\n<!-- \/ Yoast SEO plugin. -->","yoast_head_json":{"title":"L\u2019entreprise - K\u00fcnzlerBachmann Verlag AG","description":"K\u00fcnzlerBachmann est dans l\u2019\u00e9dition depuis 1912. Sa longue exp\u00e9rience dans ce domaine se voit \u00e0 son vaste champ de connaissances et haut niveau de comp\u00e9tence en m\u00e9dias imprim\u00e9s et \u00e9lectroniques.","robots":{"index":"index","follow":"follow","max-snippet":"max-snippet:-1","max-image-preview":"max-image-preview:large","max-video-preview":"max-video-preview:-1"},"canonical":"https:\/\/www.kbverlag.ch\/fr\/a-propos-de-nous\/l-entreprise\/","og_locale":"fr_FR","og_type":"article","og_title":"L\u2019entreprise - K\u00fcnzlerBachmann Verlag AG","og_description":"K\u00fcnzlerBachmann est dans l\u2019\u00e9dition depuis 1912. Sa longue exp\u00e9rience dans ce domaine se voit \u00e0 son vaste champ de connaissances et haut niveau de comp\u00e9tence en m\u00e9dias imprim\u00e9s et \u00e9lectroniques.","og_url":"https:\/\/www.kbverlag.ch\/fr\/a-propos-de-nous\/l-entreprise\/","og_site_name":"K\u00fcnzlerBachmann Verlag AG","article_modified_time":"2023-04-04T13:22:12+00:00","og_image":[{"url":"https:\/\/www.kbverlag.ch\/wp-content\/uploads\/bild-else-und-kurt-kuenzler.jpg","type":"","width":"","height":""}],"twitter_card":"summary_large_image","twitter_misc":{"Dur\u00e9e de lecture estim\u00e9e":"1 minute"},"schema":{"@context":"https:\/\/schema.org","@graph":[{"@type":"WebPage","@id":"https:\/\/www.kbverlag.ch\/fr\/a-propos-de-nous\/l-entreprise\/","url":"https:\/\/www.kbverlag.ch\/fr\/a-propos-de-nous\/l-entreprise\/","name":"L\u2019entreprise - K\u00fcnzlerBachmann Verlag AG","isPartOf":{"@id":"https:\/\/www.kbverlag.ch\/fr\/#website"},"primaryImageOfPage":{"@id":"https:\/\/www.kbverlag.ch\/fr\/a-propos-de-nous\/l-entreprise\/#primaryimage"},"image":{"@id":"https:\/\/www.kbverlag.ch\/fr\/a-propos-de-nous\/l-entreprise\/#primaryimage"},"thumbnailUrl":"https:\/\/www.kbverlag.ch\/wp-content\/uploads\/bild-else-und-kurt-kuenzler.jpg","datePublished":"2022-10-27T05:26:28+00:00","dateModified":"2023-04-04T13:22:12+00:00","description":"K\u00fcnzlerBachmann est dans l\u2019\u00e9dition depuis 1912. Sa longue exp\u00e9rience dans ce domaine se voit \u00e0 son vaste champ de connaissances et haut niveau de comp\u00e9tence en m\u00e9dias imprim\u00e9s et \u00e9lectroniques.","breadcrumb":{"@id":"https:\/\/www.kbverlag.ch\/fr\/a-propos-de-nous\/l-entreprise\/#breadcrumb"},"inLanguage":"fr-FR","potentialAction":[{"@type":"ReadAction","target":["https:\/\/www.kbverlag.ch\/fr\/a-propos-de-nous\/l-entreprise\/"]}]},{"@type":"ImageObject","inLanguage":"fr-FR","@id":"https:\/\/www.kbverlag.ch\/fr\/a-propos-de-nous\/l-entreprise\/#primaryimage","url":"https:\/\/www.kbverlag.ch\/wp-content\/uploads\/bild-else-und-kurt-kuenzler.jpg","contentUrl":"https:\/\/www.kbverlag.ch\/wp-content\/uploads\/bild-else-und-kurt-kuenzler.jpg"},{"@type":"BreadcrumbList","@id":"https:\/\/www.kbverlag.ch\/fr\/a-propos-de-nous\/l-entreprise\/#breadcrumb","itemListElement":[{"@type":"ListItem","position":1,"name":"Startseite","item":"https:\/\/www.kbverlag.ch\/fr\/"},{"@type":"ListItem","position":2,"name":"\u00c0 propos de nous","item":"https:\/\/www.kbverlag.ch\/fr\/a-propos-de-nous\/"},{"@type":"ListItem","position":3,"name":"L\u2019entreprise"}]},{"@type":"WebSite","@id":"https:\/\/www.kbverlag.ch\/fr\/#website","url":"https:\/\/www.kbverlag.ch\/fr\/","name":"K\u00fcnzlerBachmann Verlag AG","description":"","publisher":{"@id":"https:\/\/www.kbverlag.ch\/fr\/#organization"},"potentialAction":[{"@type":"SearchAction","target":{"@type":"EntryPoint","urlTemplate":"https:\/\/www.kbverlag.ch\/fr\/?s={search_term_string}"},"query-input":{"@type":"PropertyValueSpecification","valueRequired":true,"valueName":"search_term_string"}}],"inLanguage":"fr-FR"},{"@type":"Organization","@id":"https:\/\/www.kbverlag.ch\/fr\/#organization","name":"K\u00fcnzlerBachmann Verlag AG","url":"https:\/\/www.kbverlag.ch\/fr\/","logo":{"@type":"ImageObject","inLanguage":"fr-FR","@id":"https:\/\/www.kbverlag.ch\/fr\/#\/schema\/logo\/image\/","url":"https:\/\/www.kbverlag.ch\/wp-content\/uploads\/logo-kbverlag.svg","contentUrl":"https:\/\/www.kbverlag.ch\/wp-content\/uploads\/logo-kbverlag.svg","width":435,"height":95,"caption":"K\u00fcnzlerBachmann Verlag AG"},"image":{"@id":"https:\/\/www.kbverlag.ch\/fr\/#\/schema\/logo\/image\/"}}]}},"_links":{"self":[{"href":"https:\/\/www.kbverlag.ch\/fr\/wp-json\/wp\/v2\/pages\/6289","targetHints":{"allow":["GET"]}}],"collection":[{"href":"https:\/\/www.kbverlag.ch\/fr\/wp-json\/wp\/v2\/pages"}],"about":[{"href":"https:\/\/www.kbverlag.ch\/fr\/wp-json\/wp\/v2\/types\/page"}],"author":[{"embeddable":true,"href":"https:\/\/www.kbverlag.ch\/fr\/wp-json\/wp\/v2\/users\/2"}],"replies":[{"embeddable":true,"href":"https:\/\/www.kbverlag.ch\/fr\/wp-json\/wp\/v2\/comments?post=6289"}],"version-history":[{"count":0,"href":"https:\/\/www.kbverlag.ch\/fr\/wp-json\/wp\/v2\/pages\/6289\/revisions"}],"up":[{"embeddable":true,"href":"https:\/\/www.kbverlag.ch\/fr\/wp-json\/wp\/v2\/pages\/6294"}],"wp:attachment":[{"href":"https:\/\/www.kbverlag.ch\/fr\/wp-json\/wp\/v2\/media?parent=6289"}],"curies":[{"name":"wp","href":"https:\/\/api.w.org\/{rel}","templated":true}]}}