{"id":6179,"date":"2022-09-01T11:10:41","date_gmt":"2022-09-01T09:10:41","guid":{"rendered":"https:\/\/www.kbverlag.ch\/prestations\/production-medias\/"},"modified":"2023-04-04T08:46:14","modified_gmt":"2023-04-04T06:46:14","slug":"production-medias","status":"publish","type":"page","link":"https:\/\/www.kbverlag.ch\/fr\/prestations\/production-medias\/","title":{"rendered":"Production m\u00e9dias"},"content":{"rendered":"\t\t<div data-elementor-type=\"wp-page\" data-elementor-id=\"6179\" class=\"elementor elementor-6179 elementor-1599\" data-elementor-post-type=\"page\">\n\t\t\t\t<div class=\"elementor-element elementor-element-0b05330 e-flex e-con-boxed e-con e-parent\" data-id=\"0b05330\" data-element_type=\"container\" data-e-type=\"container\">\n\t\t\t\t\t<div class=\"e-con-inner\">\n\t\t\t\t<div class=\"elementor-element elementor-element-42281be elementor-widget__width-initial elementor-widget elementor-widget-heading\" data-id=\"42281be\" data-element_type=\"widget\" data-e-type=\"widget\" data-widget_type=\"heading.default\">\n\t\t\t\t<div class=\"elementor-widget-container\">\n\t\t\t\t\t<h1 class=\"elementor-heading-title elementor-size-default\">Production m\u00e9dias<\/h1>\t\t\t\t<\/div>\n\t\t\t\t<\/div>\n\t\t\t\t<div class=\"elementor-element elementor-element-0cbf7a9 elementor-widget__width-initial elementor-widget elementor-widget-image\" data-id=\"0cbf7a9\" data-element_type=\"widget\" data-e-type=\"widget\" data-widget_type=\"image.default\">\n\t\t\t\t<div class=\"elementor-widget-container\">\n\t\t\t\t\t\t\t\t\t\t\t\t\t\t\t<img decoding=\"async\" src=\"https:\/\/www.kbverlag.ch\/wp-content\/uploads\/elementor\/thumbs\/bild-homegrid-05-v2-pvt40v0jo8763s174azvy4o3n0kmevkytr32exnh64.jpg\" title=\"bild-homegrid-05-v2\" alt=\"bild-homegrid-05-v2\" loading=\"lazy\" \/>\t\t\t\t\t\t\t\t\t\t\t\t\t\t\t<\/div>\n\t\t\t\t<\/div>\n\t\t\t\t<div class=\"elementor-element elementor-element-c6349f3 elementor-widget__width-initial elementor-widget elementor-widget-text-editor\" data-id=\"c6349f3\" data-element_type=\"widget\" data-e-type=\"widget\" data-widget_type=\"text-editor.default\">\n\t\t\t\t<div class=\"elementor-widget-container\">\n\t\t\t\t\t\t\t\t\t<h3 style=\"text-align: center;\">De l\u2019id\u00e9e de d\u00e9part \u00e0 la publication termin\u00e9e. <\/h3>\n\t\t\t\t\t\t\t\t<\/div>\n\t\t\t\t<\/div>\n\t\t\t\t<div class=\"elementor-element elementor-element-263b194 elementor-widget__width-initial elementor-widget elementor-widget-text-editor\" data-id=\"263b194\" data-element_type=\"widget\" data-e-type=\"widget\" data-widget_type=\"text-editor.default\">\n\t\t\t\t<div class=\"elementor-widget-container\">\n\t\t\t\t\t\t\t\t\t<p style=\"text-align: center;\"><span style=\"font-weight: 400;\">Vous connaissez votre domaine jusqu\u2019au moindre d\u00e9tail et nous sommes des sp\u00e9cialistes en publications \u2013 le tandem id\u00e9al ! Votre id\u00e9e de magazine clients deviendra avec nous r\u00e9alit\u00e9 \u2013 de la conception \u00e0 la r\u00e9alisation en passant par la r\u00e9daction et la mise en page. Vous pourrez aussi nous confier les \u00e9tapes suivantes importantes telles que production, livraison ou diffusion. Elles seront effectu\u00e9es selon vos directives. Notre exp\u00e9rience dans les diff\u00e9rents domaines de l\u2019\u00e9dition fera que la publication r\u00e9alis\u00e9e r\u00e9pondra \u00e0 toutes vos attentes et plaira \u00e0 vos clients \u2013 tout cela, avec un seul et m\u00eame partenaire !   <\/span><\/p>\n\t\t\t\t\t\t\t\t<\/div>\n\t\t\t\t<\/div>\n\t\t\t\t<div class=\"elementor-element elementor-element-7d1e34b elementor-widget elementor-widget-ucaddon_ue_listing_grid\" data-id=\"7d1e34b\" data-element_type=\"widget\" data-e-type=\"widget\" data-widget_type=\"ucaddon_ue_listing_grid.default\">\n\t\t\t\t<div class=\"elementor-widget-container\">\n\t\t\t\t\t\n<!-- start Dynamic Template Grid -->\n<style>\/* widget: Dynamic Template Grid *\/\n\n#uc_ue_listing_grid_elementor_7d1e34b {\n\t\n  \t      display: grid;\n    \n}\n\n#uc_ue_listing_grid_elementor_7d1e34b .ue-grid-item{\n\t\n\t\n\n}\n\n\n\n\n\n\n<\/style>\n\n<div class=\"ue-grid uc-items-wrapper\" id=\"uc_ue_listing_grid_elementor_7d1e34b\" >\n  <div class=\"ue-grid-item\">\n  <style>.elementor-771 .elementor-element.elementor-element-7e3f41c{--display:flex;--min-height:330px;--margin-top:0px;--margin-bottom:0px;--margin-left:0px;--margin-right:0px;--padding-top:0px;--padding-bottom:0px;--padding-left:0px;--padding-right:0px;}.elementor-771 .elementor-element.elementor-element-f4621b2 > .elementor-widget-container{padding:40px 0px 0px 0px;}.elementor-771 .elementor-element.elementor-element-f4621b2:not( .elementor-widget-image ) .elementor-widget-container, .elementor-771 .elementor-element.elementor-element-f4621b2.elementor-widget-image .elementor-widget-container img{-webkit-mask-image:url( https:\/\/www.kbverlag.ch\/wp-content\/plugins\/elementor\/assets\/mask-shapes\/circle.svg );-webkit-mask-size:contain;-webkit-mask-position:center center;-webkit-mask-repeat:no-repeat;}.elementor-771 .elementor-element.elementor-element-69e1ead{text-align:center;font-family:\"Helvetica\", Sans-serif;font-size:24px;font-weight:400;line-height:28px;}.elementor-771 .elementor-element.elementor-element-69e1ead > .elementor-widget-container{padding:21px 0px 0px 0px;}.elementor-771 .elementor-element.elementor-element-6c8c961{text-align:center;font-family:\"Helvetica\", Sans-serif;font-size:18px;font-weight:400;line-height:28px;}.elementor-771 .elementor-element.elementor-element-6c8c961 > .elementor-widget-container{padding:2px 0px 0px 0px;}.elementor-771 .elementor-element.elementor-element-e1495e4{text-align:center;font-family:\"Helvetica\", Sans-serif;font-size:18px;font-weight:400;line-height:28px;}.elementor-771 .elementor-element.elementor-element-e1495e4 > .elementor-widget-container{padding:5px 0px 0px 0px;}.elementor-771 .elementor-element.elementor-element-9216f2e .elementor-button{font-size:18px;fill:var( --e-global-color-primary );color:var( --e-global-color-primary );background-color:#80313100;border-radius:0px 0px 0px 0px;padding:0px 0px 0px 0px;}.elementor-771 .elementor-element.elementor-element-9216f2e > .elementor-widget-container{padding:0px 0px 0px 0px;}<\/style>\t\t<div data-elementor-type=\"single-post\" data-elementor-id=\"771\" class=\"elementor elementor-771 uc-post-6204\" data-elementor-post-type=\"elementor_library\">\n\t\t\t<div class=\"elementor-element elementor-element-7e3f41c e-flex e-con-boxed e-con e-parent\" data-id=\"7e3f41c\" data-element_type=\"container\" data-e-type=\"container\">\n\t\t\t\t\t<div class=\"e-con-inner\">\n\t\t\t\t<div class=\"elementor-element elementor-element-f4621b2 elementor-widget elementor-widget-image\" data-id=\"f4621b2\" data-element_type=\"widget\" data-e-type=\"widget\" data-widget_type=\"image.default\">\n\t\t\t\t<div class=\"elementor-widget-container\">\n\t\t\t\t\t\t\t\t\t\t\t\t\t\t\t<img decoding=\"async\" src=\"https:\/\/www.kbverlag.ch\/wp-content\/uploads\/elementor\/thumbs\/Roger_web_Sep-24-qukzeq4tfvu0lku8ckh7qqc40fujonci6qagssay58.jpg\" title=\"Roger_web_Sep-24\" alt=\"Roger_web_Sep-24\" loading=\"lazy\" \/>\t\t\t\t\t\t\t\t\t\t\t\t\t\t\t<\/div>\n\t\t\t\t<\/div>\n\t\t\t\t<div class=\"elementor-element elementor-element-69e1ead elementor-widget elementor-widget-text-editor\" data-id=\"69e1ead\" data-element_type=\"widget\" data-e-type=\"widget\" data-widget_type=\"text-editor.default\">\n\t\t\t\t<div class=\"elementor-widget-container\">\n\t\t\t\t\t\t\t\t\tRoger Hartmann\t\t\t\t\t\t\t\t<\/div>\n\t\t\t\t<\/div>\n\t\t\t\t<div class=\"elementor-element elementor-element-6c8c961 elementor-widget elementor-widget-text-editor\" data-id=\"6c8c961\" data-element_type=\"widget\" data-e-type=\"widget\" data-widget_type=\"text-editor.default\">\n\t\t\t\t<div class=\"elementor-widget-container\">\n\t\t\t\t\t\t\t\t\tDirecteur\t\t\t\t\t\t\t\t<\/div>\n\t\t\t\t<\/div>\n\t\t\t\t<div class=\"elementor-element elementor-element-e1495e4 elementor-widget elementor-widget-text-editor\" data-id=\"e1495e4\" data-element_type=\"widget\" data-e-type=\"widget\" data-widget_type=\"text-editor.default\">\n\t\t\t\t<div class=\"elementor-widget-container\">\n\t\t\t\t\t\t\t\t\t+41 71 314 04 85\t\t\t\t\t\t\t\t<\/div>\n\t\t\t\t<\/div>\n\t\t\t\t<div class=\"elementor-element elementor-element-9216f2e elementor-align-center elementor-widget elementor-widget-button\" data-id=\"9216f2e\" data-element_type=\"widget\" data-e-type=\"widget\" data-widget_type=\"button.default\">\n\t\t\t\t<div class=\"elementor-widget-container\">\n\t\t\t\t\t\t\t\t\t<div class=\"elementor-button-wrapper\">\n\t\t\t\t\t<a class=\"elementor-button elementor-button-link elementor-size-sm\" href=\"mailto:r.hartmann@kueba.ch\">\n\t\t\t\t\t\t<span class=\"elementor-button-content-wrapper\">\n\t\t\t\t\t\t\t\t\t<span class=\"elementor-button-text\">r.hartmann@kueba.ch<\/span>\n\t\t\t\t\t<\/span>\n\t\t\t\t\t<\/a>\n\t\t\t\t<\/div>\n\t\t\t\t\t\t\t\t<\/div>\n\t\t\t\t<\/div>\n\t\t\t\t\t<\/div>\n\t\t\t\t<\/div>\n\t\t\t\t<\/div>\n\t\t\n<\/div>\n<div class=\"ue-grid-item\">\n  <style>.elementor-771 .elementor-element.elementor-element-7e3f41c{--display:flex;--min-height:330px;--margin-top:0px;--margin-bottom:0px;--margin-left:0px;--margin-right:0px;--padding-top:0px;--padding-bottom:0px;--padding-left:0px;--padding-right:0px;}.elementor-771 .elementor-element.elementor-element-f4621b2 > .elementor-widget-container{padding:40px 0px 0px 0px;}.elementor-771 .elementor-element.elementor-element-f4621b2:not( .elementor-widget-image ) .elementor-widget-container, .elementor-771 .elementor-element.elementor-element-f4621b2.elementor-widget-image .elementor-widget-container img{-webkit-mask-image:url( https:\/\/www.kbverlag.ch\/wp-content\/plugins\/elementor\/assets\/mask-shapes\/circle.svg );-webkit-mask-size:contain;-webkit-mask-position:center center;-webkit-mask-repeat:no-repeat;}.elementor-771 .elementor-element.elementor-element-69e1ead{text-align:center;font-family:\"Helvetica\", Sans-serif;font-size:24px;font-weight:400;line-height:28px;}.elementor-771 .elementor-element.elementor-element-69e1ead > .elementor-widget-container{padding:21px 0px 0px 0px;}.elementor-771 .elementor-element.elementor-element-6c8c961{text-align:center;font-family:\"Helvetica\", Sans-serif;font-size:18px;font-weight:400;line-height:28px;}.elementor-771 .elementor-element.elementor-element-6c8c961 > .elementor-widget-container{padding:2px 0px 0px 0px;}.elementor-771 .elementor-element.elementor-element-e1495e4{text-align:center;font-family:\"Helvetica\", Sans-serif;font-size:18px;font-weight:400;line-height:28px;}.elementor-771 .elementor-element.elementor-element-e1495e4 > .elementor-widget-container{padding:5px 0px 0px 0px;}.elementor-771 .elementor-element.elementor-element-9216f2e .elementor-button{font-size:18px;fill:var( --e-global-color-primary );color:var( --e-global-color-primary );background-color:#80313100;border-radius:0px 0px 0px 0px;padding:0px 0px 0px 0px;}.elementor-771 .elementor-element.elementor-element-9216f2e > .elementor-widget-container{padding:0px 0px 0px 0px;}<\/style>\t\t<div data-elementor-type=\"single-post\" data-elementor-id=\"771\" class=\"elementor elementor-771 uc-post-6242\" data-elementor-post-type=\"elementor_library\">\n\t\t\t<div class=\"elementor-element elementor-element-7e3f41c e-flex e-con-boxed e-con e-parent\" data-id=\"7e3f41c\" data-element_type=\"container\" data-e-type=\"container\">\n\t\t\t\t\t<div class=\"e-con-inner\">\n\t\t\t\t<div class=\"elementor-element elementor-element-f4621b2 elementor-widget elementor-widget-image\" data-id=\"f4621b2\" data-element_type=\"widget\" data-e-type=\"widget\" data-widget_type=\"image.default\">\n\t\t\t\t<div class=\"elementor-widget-container\">\n\t\t\t\t\t\t\t\t\t\t\t\t\t\t\t<img decoding=\"async\" src=\"https:\/\/www.kbverlag.ch\/wp-content\/uploads\/elementor\/thumbs\/Olaf_web_Sep-24-qukzep6z91sq9yvli22l68knf1z6gy8rulmzbiccbg.jpg\" title=\"Olaf_web_Sep-24\" alt=\"Olaf_web_Sep-24\" loading=\"lazy\" \/>\t\t\t\t\t\t\t\t\t\t\t\t\t\t\t<\/div>\n\t\t\t\t<\/div>\n\t\t\t\t<div class=\"elementor-element elementor-element-69e1ead elementor-widget elementor-widget-text-editor\" data-id=\"69e1ead\" data-element_type=\"widget\" data-e-type=\"widget\" data-widget_type=\"text-editor.default\">\n\t\t\t\t<div class=\"elementor-widget-container\">\n\t\t\t\t\t\t\t\t\tOlaf Aperdannier\t\t\t\t\t\t\t\t<\/div>\n\t\t\t\t<\/div>\n\t\t\t\t<div class=\"elementor-element elementor-element-6c8c961 elementor-widget elementor-widget-text-editor\" data-id=\"6c8c961\" data-element_type=\"widget\" data-e-type=\"widget\" data-widget_type=\"text-editor.default\">\n\t\t\t\t<div class=\"elementor-widget-container\">\n\t\t\t\t\t\t\t\t\tDirecteur\t\t\t\t\t\t\t\t<\/div>\n\t\t\t\t<\/div>\n\t\t\t\t<div class=\"elementor-element elementor-element-e1495e4 elementor-widget elementor-widget-text-editor\" data-id=\"e1495e4\" data-element_type=\"widget\" data-e-type=\"widget\" data-widget_type=\"text-editor.default\">\n\t\t\t\t<div class=\"elementor-widget-container\">\n\t\t\t\t\t\t\t\t\t+41 71 314 04 79\t\t\t\t\t\t\t\t<\/div>\n\t\t\t\t<\/div>\n\t\t\t\t<div class=\"elementor-element elementor-element-9216f2e elementor-align-center elementor-widget elementor-widget-button\" data-id=\"9216f2e\" data-element_type=\"widget\" data-e-type=\"widget\" data-widget_type=\"button.default\">\n\t\t\t\t<div class=\"elementor-widget-container\">\n\t\t\t\t\t\t\t\t\t<div class=\"elementor-button-wrapper\">\n\t\t\t\t\t<a class=\"elementor-button elementor-button-link elementor-size-sm\" href=\"mailto:o.aperdannier@kueba.ch\">\n\t\t\t\t\t\t<span class=\"elementor-button-content-wrapper\">\n\t\t\t\t\t\t\t\t\t<span class=\"elementor-button-text\">o.aperdannier@kueba.ch<\/span>\n\t\t\t\t\t<\/span>\n\t\t\t\t\t<\/a>\n\t\t\t\t<\/div>\n\t\t\t\t\t\t\t\t<\/div>\n\t\t\t\t<\/div>\n\t\t\t\t\t<\/div>\n\t\t\t\t<\/div>\n\t\t\t\t<\/div>\n\t\t\n<\/div>\n\n<\/div>\n<!-- end Dynamic Template Grid -->\t\t\t\t<\/div>\n\t\t\t\t<\/div>\n\t\t\t\t\t<\/div>\n\t\t\t\t<\/div>\n\t\t\t\t<\/div>\n\t\t","protected":false},"excerpt":{"rendered":"<p>Production m\u00e9dias De l\u2019id\u00e9e de d\u00e9part \u00e0 la publication termin\u00e9e. Vous connaissez votre domaine jusqu\u2019au moindre d\u00e9tail et nous sommes des sp\u00e9cialistes en publications \u2013 le tandem id\u00e9al ! Votre id\u00e9e de magazine clients deviendra avec nous r\u00e9alit\u00e9 \u2013 de la conception \u00e0 la r\u00e9alisation en passant par la r\u00e9daction et la mise en page. [&hellip;]<\/p>\n","protected":false},"author":2,"featured_media":0,"parent":6088,"menu_order":0,"comment_status":"closed","ping_status":"closed","template":"elementor_theme","meta":{"_acf_changed":false,"footnotes":""},"class_list":["post-6179","page","type-page","status-publish","hentry"],"acf":[],"yoast_head":"<!-- This site is optimized with the Yoast SEO plugin v27.4 - https:\/\/yoast.com\/product\/yoast-seo-wordpress\/ -->\n<title>Production m\u00e9dias - K\u00fcnzlerBachmann Verlag AG<\/title>\n<meta name=\"description\" content=\"Nous nous chargeons de la conception, production et distribution de votre magazine clients.\" \/>\n<meta name=\"robots\" content=\"index, follow, max-snippet:-1, max-image-preview:large, max-video-preview:-1\" \/>\n<link rel=\"canonical\" href=\"https:\/\/www.kbverlag.ch\/fr\/prestations\/production-medias\/\" \/>\n<meta property=\"og:locale\" content=\"fr_FR\" \/>\n<meta property=\"og:type\" content=\"article\" \/>\n<meta property=\"og:title\" content=\"Production m\u00e9dias - K\u00fcnzlerBachmann Verlag AG\" \/>\n<meta property=\"og:description\" content=\"Nous nous chargeons de la conception, production et distribution de votre magazine clients.\" \/>\n<meta property=\"og:url\" content=\"https:\/\/www.kbverlag.ch\/fr\/prestations\/production-medias\/\" \/>\n<meta property=\"og:site_name\" content=\"K\u00fcnzlerBachmann Verlag AG\" \/>\n<meta property=\"article:modified_time\" content=\"2023-04-04T06:46:14+00:00\" \/>\n<meta property=\"og:image\" content=\"https:\/\/www.kbverlag.ch\/wp-content\/uploads\/elementor\/thumbs\/bild-homegrid-05-v2-pvt40v0jo8763s174azvy4o3n0kmevkytr32exnh46.jpg\" \/>\n<meta name=\"twitter:card\" content=\"summary_large_image\" \/>\n<meta name=\"twitter:label1\" content=\"Dur\u00e9e de lecture estim\u00e9e\" \/>\n\t<meta name=\"twitter:data1\" content=\"3 minutes\" \/>\n<script type=\"application\/ld+json\" class=\"yoast-schema-graph\">{\"@context\":\"https:\\\/\\\/schema.org\",\"@graph\":[{\"@type\":\"WebPage\",\"@id\":\"https:\\\/\\\/www.kbverlag.ch\\\/fr\\\/prestations\\\/production-medias\\\/\",\"url\":\"https:\\\/\\\/www.kbverlag.ch\\\/fr\\\/prestations\\\/production-medias\\\/\",\"name\":\"Production m\u00e9dias - K\u00fcnzlerBachmann Verlag AG\",\"isPartOf\":{\"@id\":\"https:\\\/\\\/www.kbverlag.ch\\\/fr\\\/#website\"},\"primaryImageOfPage\":{\"@id\":\"https:\\\/\\\/www.kbverlag.ch\\\/fr\\\/prestations\\\/production-medias\\\/#primaryimage\"},\"image\":{\"@id\":\"https:\\\/\\\/www.kbverlag.ch\\\/fr\\\/prestations\\\/production-medias\\\/#primaryimage\"},\"thumbnailUrl\":\"https:\\\/\\\/www.kbverlag.ch\\\/wp-content\\\/uploads\\\/elementor\\\/thumbs\\\/bild-homegrid-05-v2-pvt40v0jo8763s174azvy4o3n0kmevkytr32exnh46.jpg\",\"datePublished\":\"2022-09-01T09:10:41+00:00\",\"dateModified\":\"2023-04-04T06:46:14+00:00\",\"description\":\"Nous nous chargeons de la conception, production et distribution de votre magazine clients.\",\"breadcrumb\":{\"@id\":\"https:\\\/\\\/www.kbverlag.ch\\\/fr\\\/prestations\\\/production-medias\\\/#breadcrumb\"},\"inLanguage\":\"fr-FR\",\"potentialAction\":[{\"@type\":\"ReadAction\",\"target\":[\"https:\\\/\\\/www.kbverlag.ch\\\/fr\\\/prestations\\\/production-medias\\\/\"]}]},{\"@type\":\"ImageObject\",\"inLanguage\":\"fr-FR\",\"@id\":\"https:\\\/\\\/www.kbverlag.ch\\\/fr\\\/prestations\\\/production-medias\\\/#primaryimage\",\"url\":\"https:\\\/\\\/www.kbverlag.ch\\\/wp-content\\\/uploads\\\/elementor\\\/thumbs\\\/bild-homegrid-05-v2-pvt40v0jo8763s174azvy4o3n0kmevkytr32exnh46.jpg\",\"contentUrl\":\"https:\\\/\\\/www.kbverlag.ch\\\/wp-content\\\/uploads\\\/elementor\\\/thumbs\\\/bild-homegrid-05-v2-pvt40v0jo8763s174azvy4o3n0kmevkytr32exnh46.jpg\"},{\"@type\":\"BreadcrumbList\",\"@id\":\"https:\\\/\\\/www.kbverlag.ch\\\/fr\\\/prestations\\\/production-medias\\\/#breadcrumb\",\"itemListElement\":[{\"@type\":\"ListItem\",\"position\":1,\"name\":\"Startseite\",\"item\":\"https:\\\/\\\/www.kbverlag.ch\\\/fr\\\/\"},{\"@type\":\"ListItem\",\"position\":2,\"name\":\"Prestations\",\"item\":\"https:\\\/\\\/www.kbverlag.ch\\\/fr\\\/prestations\\\/\"},{\"@type\":\"ListItem\",\"position\":3,\"name\":\"Production m\u00e9dias\"}]},{\"@type\":\"WebSite\",\"@id\":\"https:\\\/\\\/www.kbverlag.ch\\\/fr\\\/#website\",\"url\":\"https:\\\/\\\/www.kbverlag.ch\\\/fr\\\/\",\"name\":\"K\u00fcnzlerBachmann Verlag AG\",\"description\":\"\",\"publisher\":{\"@id\":\"https:\\\/\\\/www.kbverlag.ch\\\/fr\\\/#organization\"},\"potentialAction\":[{\"@type\":\"SearchAction\",\"target\":{\"@type\":\"EntryPoint\",\"urlTemplate\":\"https:\\\/\\\/www.kbverlag.ch\\\/fr\\\/?s={search_term_string}\"},\"query-input\":{\"@type\":\"PropertyValueSpecification\",\"valueRequired\":true,\"valueName\":\"search_term_string\"}}],\"inLanguage\":\"fr-FR\"},{\"@type\":\"Organization\",\"@id\":\"https:\\\/\\\/www.kbverlag.ch\\\/fr\\\/#organization\",\"name\":\"K\u00fcnzlerBachmann Verlag AG\",\"url\":\"https:\\\/\\\/www.kbverlag.ch\\\/fr\\\/\",\"logo\":{\"@type\":\"ImageObject\",\"inLanguage\":\"fr-FR\",\"@id\":\"https:\\\/\\\/www.kbverlag.ch\\\/fr\\\/#\\\/schema\\\/logo\\\/image\\\/\",\"url\":\"https:\\\/\\\/www.kbverlag.ch\\\/wp-content\\\/uploads\\\/logo-kbverlag.svg\",\"contentUrl\":\"https:\\\/\\\/www.kbverlag.ch\\\/wp-content\\\/uploads\\\/logo-kbverlag.svg\",\"width\":435,\"height\":95,\"caption\":\"K\u00fcnzlerBachmann Verlag AG\"},\"image\":{\"@id\":\"https:\\\/\\\/www.kbverlag.ch\\\/fr\\\/#\\\/schema\\\/logo\\\/image\\\/\"}}]}<\/script>\n<!-- \/ Yoast SEO plugin. -->","yoast_head_json":{"title":"Production m\u00e9dias - K\u00fcnzlerBachmann Verlag AG","description":"Nous nous chargeons de la conception, production et distribution de votre magazine clients.","robots":{"index":"index","follow":"follow","max-snippet":"max-snippet:-1","max-image-preview":"max-image-preview:large","max-video-preview":"max-video-preview:-1"},"canonical":"https:\/\/www.kbverlag.ch\/fr\/prestations\/production-medias\/","og_locale":"fr_FR","og_type":"article","og_title":"Production m\u00e9dias - K\u00fcnzlerBachmann Verlag AG","og_description":"Nous nous chargeons de la conception, production et distribution de votre magazine clients.","og_url":"https:\/\/www.kbverlag.ch\/fr\/prestations\/production-medias\/","og_site_name":"K\u00fcnzlerBachmann Verlag AG","article_modified_time":"2023-04-04T06:46:14+00:00","og_image":[{"url":"https:\/\/www.kbverlag.ch\/wp-content\/uploads\/elementor\/thumbs\/bild-homegrid-05-v2-pvt40v0jo8763s174azvy4o3n0kmevkytr32exnh46.jpg","type":"","width":"","height":""}],"twitter_card":"summary_large_image","twitter_misc":{"Dur\u00e9e de lecture estim\u00e9e":"3 minutes"},"schema":{"@context":"https:\/\/schema.org","@graph":[{"@type":"WebPage","@id":"https:\/\/www.kbverlag.ch\/fr\/prestations\/production-medias\/","url":"https:\/\/www.kbverlag.ch\/fr\/prestations\/production-medias\/","name":"Production m\u00e9dias - K\u00fcnzlerBachmann Verlag AG","isPartOf":{"@id":"https:\/\/www.kbverlag.ch\/fr\/#website"},"primaryImageOfPage":{"@id":"https:\/\/www.kbverlag.ch\/fr\/prestations\/production-medias\/#primaryimage"},"image":{"@id":"https:\/\/www.kbverlag.ch\/fr\/prestations\/production-medias\/#primaryimage"},"thumbnailUrl":"https:\/\/www.kbverlag.ch\/wp-content\/uploads\/elementor\/thumbs\/bild-homegrid-05-v2-pvt40v0jo8763s174azvy4o3n0kmevkytr32exnh46.jpg","datePublished":"2022-09-01T09:10:41+00:00","dateModified":"2023-04-04T06:46:14+00:00","description":"Nous nous chargeons de la conception, production et distribution de votre magazine clients.","breadcrumb":{"@id":"https:\/\/www.kbverlag.ch\/fr\/prestations\/production-medias\/#breadcrumb"},"inLanguage":"fr-FR","potentialAction":[{"@type":"ReadAction","target":["https:\/\/www.kbverlag.ch\/fr\/prestations\/production-medias\/"]}]},{"@type":"ImageObject","inLanguage":"fr-FR","@id":"https:\/\/www.kbverlag.ch\/fr\/prestations\/production-medias\/#primaryimage","url":"https:\/\/www.kbverlag.ch\/wp-content\/uploads\/elementor\/thumbs\/bild-homegrid-05-v2-pvt40v0jo8763s174azvy4o3n0kmevkytr32exnh46.jpg","contentUrl":"https:\/\/www.kbverlag.ch\/wp-content\/uploads\/elementor\/thumbs\/bild-homegrid-05-v2-pvt40v0jo8763s174azvy4o3n0kmevkytr32exnh46.jpg"},{"@type":"BreadcrumbList","@id":"https:\/\/www.kbverlag.ch\/fr\/prestations\/production-medias\/#breadcrumb","itemListElement":[{"@type":"ListItem","position":1,"name":"Startseite","item":"https:\/\/www.kbverlag.ch\/fr\/"},{"@type":"ListItem","position":2,"name":"Prestations","item":"https:\/\/www.kbverlag.ch\/fr\/prestations\/"},{"@type":"ListItem","position":3,"name":"Production m\u00e9dias"}]},{"@type":"WebSite","@id":"https:\/\/www.kbverlag.ch\/fr\/#website","url":"https:\/\/www.kbverlag.ch\/fr\/","name":"K\u00fcnzlerBachmann Verlag AG","description":"","publisher":{"@id":"https:\/\/www.kbverlag.ch\/fr\/#organization"},"potentialAction":[{"@type":"SearchAction","target":{"@type":"EntryPoint","urlTemplate":"https:\/\/www.kbverlag.ch\/fr\/?s={search_term_string}"},"query-input":{"@type":"PropertyValueSpecification","valueRequired":true,"valueName":"search_term_string"}}],"inLanguage":"fr-FR"},{"@type":"Organization","@id":"https:\/\/www.kbverlag.ch\/fr\/#organization","name":"K\u00fcnzlerBachmann Verlag AG","url":"https:\/\/www.kbverlag.ch\/fr\/","logo":{"@type":"ImageObject","inLanguage":"fr-FR","@id":"https:\/\/www.kbverlag.ch\/fr\/#\/schema\/logo\/image\/","url":"https:\/\/www.kbverlag.ch\/wp-content\/uploads\/logo-kbverlag.svg","contentUrl":"https:\/\/www.kbverlag.ch\/wp-content\/uploads\/logo-kbverlag.svg","width":435,"height":95,"caption":"K\u00fcnzlerBachmann Verlag AG"},"image":{"@id":"https:\/\/www.kbverlag.ch\/fr\/#\/schema\/logo\/image\/"}}]}},"_links":{"self":[{"href":"https:\/\/www.kbverlag.ch\/fr\/wp-json\/wp\/v2\/pages\/6179","targetHints":{"allow":["GET"]}}],"collection":[{"href":"https:\/\/www.kbverlag.ch\/fr\/wp-json\/wp\/v2\/pages"}],"about":[{"href":"https:\/\/www.kbverlag.ch\/fr\/wp-json\/wp\/v2\/types\/page"}],"author":[{"embeddable":true,"href":"https:\/\/www.kbverlag.ch\/fr\/wp-json\/wp\/v2\/users\/2"}],"replies":[{"embeddable":true,"href":"https:\/\/www.kbverlag.ch\/fr\/wp-json\/wp\/v2\/comments?post=6179"}],"version-history":[{"count":0,"href":"https:\/\/www.kbverlag.ch\/fr\/wp-json\/wp\/v2\/pages\/6179\/revisions"}],"up":[{"embeddable":true,"href":"https:\/\/www.kbverlag.ch\/fr\/wp-json\/wp\/v2\/pages\/6088"}],"wp:attachment":[{"href":"https:\/\/www.kbverlag.ch\/fr\/wp-json\/wp\/v2\/media?parent=6179"}],"curies":[{"name":"wp","href":"https:\/\/api.w.org\/{rel}","templated":true}]}}