{"id":7135,"date":"2022-10-27T07:27:20","date_gmt":"2022-10-27T05:27:20","guid":{"rendered":"https:\/\/www.kbverlag.ch\/legal-notice\/"},"modified":"2023-05-24T15:37:39","modified_gmt":"2023-05-24T13:37:39","slug":"legal-notice","status":"publish","type":"page","link":"https:\/\/www.kbverlag.ch\/en\/about-us\/legal-notice\/","title":{"rendered":"Legal Notice"},"content":{"rendered":"\t\t<div data-elementor-type=\"wp-page\" data-elementor-id=\"7135\" class=\"elementor elementor-7135 elementor-3579\" data-elementor-post-type=\"page\">\n\t\t\t\t<section class=\"elementor-element elementor-element-f01672a e-flex e-con-boxed e-con e-parent\" data-id=\"f01672a\" data-element_type=\"container\" data-e-type=\"container\">\n\t\t\t\t\t<div class=\"e-con-inner\">\n\t\t\t\t<div class=\"elementor-element elementor-element-1705463 elementor-widget elementor-widget-heading\" data-id=\"1705463\" data-element_type=\"widget\" data-e-type=\"widget\" data-widget_type=\"heading.default\">\n\t\t\t\t<div class=\"elementor-widget-container\">\n\t\t\t\t\t<h1 class=\"elementor-heading-title elementor-size-default\">Backstage at our Publishing House<\/h1>\t\t\t\t<\/div>\n\t\t\t\t<\/div>\n\t\t\t\t\t<\/div>\n\t\t\t\t<\/section>\n\t\t<section class=\"elementor-element elementor-element-72c287f e-flex e-con-boxed e-con e-parent\" data-id=\"72c287f\" data-element_type=\"container\" data-e-type=\"container\" data-settings=\"{&quot;background_background&quot;:&quot;classic&quot;}\">\n\t\t\t\t\t<div class=\"e-con-inner\">\n\t\t\t\t<div class=\"elementor-element elementor-element-5516e71 elementor-widget elementor-widget-heading\" data-id=\"5516e71\" data-element_type=\"widget\" data-e-type=\"widget\" data-widget_type=\"heading.default\">\n\t\t\t\t<div class=\"elementor-widget-container\">\n\t\t\t\t\t<h2 class=\"elementor-heading-title elementor-size-default\">Legal Notice<\/h2>\t\t\t\t<\/div>\n\t\t\t\t<\/div>\n\t\t\t\t<div class=\"elementor-element elementor-element-5842c9e elementor-widget elementor-widget-text-editor\" data-id=\"5842c9e\" data-element_type=\"widget\" data-e-type=\"widget\" data-widget_type=\"text-editor.default\">\n\t\t\t\t<div class=\"elementor-widget-container\">\n\t\t\t\t\t\t\t\t\t<p>K\u00fcnzlerBachmann Verlag AG <br \/>Z\u00fcrcherstrasse 601 <br \/>9015 St. Gallen <br \/>Tel: +41 (0) 71 314 04 44 <br \/>Fax: +41 (0) 71 314 04 45<br \/><a href=\"mailto:info@kbverlag.ch\">info@kbverlag.ch<\/a><\/p>\n\t\t\t\t\t\t\t\t<\/div>\n\t\t\t\t<\/div>\n\t\t\t\t<div class=\"elementor-element elementor-element-0e77e89 elementor-widget elementor-widget-text-editor\" data-id=\"0e77e89\" data-element_type=\"widget\" data-e-type=\"widget\" data-widget_type=\"text-editor.default\">\n\t\t\t\t<div class=\"elementor-widget-container\">\n\t\t\t\t\t\t\t\t\t<div><span lang=\"EN-US\">Invoices per email to<\/span>: <a href=\"mailto:buchhaltung@kueba.ch\">buchhaltung@kueba.ch<\/a><\/div>\n\t\t\t\t\t\t\t\t<\/div>\n\t\t\t\t<\/div>\n\t\t\t\t<div class=\"elementor-element elementor-element-e3b4aa2 elementor-widget elementor-widget-text-editor\" data-id=\"e3b4aa2\" data-element_type=\"widget\" data-e-type=\"widget\" data-widget_type=\"text-editor.default\">\n\t\t\t\t<div class=\"elementor-widget-container\">\n\t\t\t\t\t\t\t\t\t<p style=\"font-weight: 400;\"><strong>Bank Account<br \/>\n<\/strong>UBS AG, 9000 St. Gallen IBAN: CH12 0025 4254 4332 9501 K BIC: UBSWCHZH80A<br \/>\nUID\/MWST-Nr.: CHE-107.396.047<\/p>\n\t\t\t\t\t\t\t\t<\/div>\n\t\t\t\t<\/div>\n\t\t\t\t<div class=\"elementor-element elementor-element-a7456a3 elementor-widget-divider--view-line elementor-widget elementor-widget-divider\" data-id=\"a7456a3\" data-element_type=\"widget\" data-e-type=\"widget\" data-widget_type=\"divider.default\">\n\t\t\t\t<div class=\"elementor-widget-container\">\n\t\t\t\t\t\t\t<div class=\"elementor-divider\">\n\t\t\t<span class=\"elementor-divider-separator\">\n\t\t\t\t\t\t<\/span>\n\t\t<\/div>\n\t\t\t\t\t\t<\/div>\n\t\t\t\t<\/div>\n\t\t\t\t<div class=\"elementor-element elementor-element-5954da1 elementor-widget elementor-widget-heading\" data-id=\"5954da1\" data-element_type=\"widget\" data-e-type=\"widget\" data-widget_type=\"heading.default\">\n\t\t\t\t<div class=\"elementor-widget-container\">\n\t\t\t\t\t<h2 class=\"elementor-heading-title elementor-size-default\">Copyright<\/h2>\t\t\t\t<\/div>\n\t\t\t\t<\/div>\n\t\t\t\t<div class=\"elementor-element elementor-element-bde42d6 elementor-widget elementor-widget-text-editor\" data-id=\"bde42d6\" data-element_type=\"widget\" data-e-type=\"widget\" data-widget_type=\"text-editor.default\">\n\t\t\t\t<div class=\"elementor-widget-container\">\n\t\t\t\t\t\t\t\t\t<div><span lang=\"EN-US\">The content and structure of our internet pages are protected by copyright. Any reproduction of the information or data, particularly the use of texts, partial texts, or images, requires the prior consent of K\u00fcnzlerBachmann Verlag AG. <\/span><\/div>\n\t\t\t\t\t\t\t\t<\/div>\n\t\t\t\t<\/div>\n\t\t\t\t<div class=\"elementor-element elementor-element-55da3b8 elementor-widget-divider--view-line elementor-widget elementor-widget-divider\" data-id=\"55da3b8\" data-element_type=\"widget\" data-e-type=\"widget\" data-widget_type=\"divider.default\">\n\t\t\t\t<div class=\"elementor-widget-container\">\n\t\t\t\t\t\t\t<div class=\"elementor-divider\">\n\t\t\t<span class=\"elementor-divider-separator\">\n\t\t\t\t\t\t<\/span>\n\t\t<\/div>\n\t\t\t\t\t\t<\/div>\n\t\t\t\t<\/div>\n\t\t\t\t<div class=\"elementor-element elementor-element-dbc5a6c elementor-widget elementor-widget-heading\" data-id=\"dbc5a6c\" data-element_type=\"widget\" data-e-type=\"widget\" data-widget_type=\"heading.default\">\n\t\t\t\t<div class=\"elementor-widget-container\">\n\t\t\t\t\t<h2 class=\"elementor-heading-title elementor-size-default\">Liability Disclaimer<\/h2>\t\t\t\t<\/div>\n\t\t\t\t<\/div>\n\t\t\t\t<div class=\"elementor-element elementor-element-a3af990 elementor-widget elementor-widget-text-editor\" data-id=\"a3af990\" data-element_type=\"widget\" data-e-type=\"widget\" data-widget_type=\"text-editor.default\">\n\t\t\t\t<div class=\"elementor-widget-container\">\n\t\t\t\t\t\t\t\t\t<div><span lang=\"EN-US\">K\u00fcnzlerBachmann continuously updates the information on its internet pages. Despite all due diligence, data may nevertheless have changed in the meantime. Therefore, no liability or guarantee can be assumed for the timeliness, correctness or completeness of the information provided. Furthermore, K\u00fcnzlerBachmann reserves the right to make changes or additions to the internet pages at any time and without notice.<\/span><\/div>\n\t\t\t\t\t\t\t\t<\/div>\n\t\t\t\t<\/div>\n\t\t\t\t<div class=\"elementor-element elementor-element-0eb24a1 elementor-widget-divider--view-line elementor-widget elementor-widget-divider\" data-id=\"0eb24a1\" data-element_type=\"widget\" data-e-type=\"widget\" data-widget_type=\"divider.default\">\n\t\t\t\t<div class=\"elementor-widget-container\">\n\t\t\t\t\t\t\t<div class=\"elementor-divider\">\n\t\t\t<span class=\"elementor-divider-separator\">\n\t\t\t\t\t\t<\/span>\n\t\t<\/div>\n\t\t\t\t\t\t<\/div>\n\t\t\t\t<\/div>\n\t\t\t\t<div class=\"elementor-element elementor-element-e39f1d4 elementor-widget elementor-widget-heading\" data-id=\"e39f1d4\" data-element_type=\"widget\" data-e-type=\"widget\" data-widget_type=\"heading.default\">\n\t\t\t\t<div class=\"elementor-widget-container\">\n\t\t\t\t\t<h2 class=\"elementor-heading-title elementor-size-default\">Third-party Websites<\/h2>\t\t\t\t<\/div>\n\t\t\t\t<\/div>\n\t\t\t\t<div class=\"elementor-element elementor-element-69578fc elementor-widget elementor-widget-text-editor\" data-id=\"69578fc\" data-element_type=\"widget\" data-e-type=\"widget\" data-widget_type=\"text-editor.default\">\n\t\t\t\t<div class=\"elementor-widget-container\">\n\t\t\t\t\t\t\t\t\t<p style=\"font-weight: 400;\">All links to other internet sites or information from third parties on this website are to be considered an exclusive service for users. K\u00fcnzlerBachmann is not responsible for the content of those websites, and the opinions published there do not necessarily reflect its own. K\u00fcnzlerBachmann is not liable for content or for any damages arising in connection with access to or use of third-party internet sites.<\/p>\n\t\t\t\t\t\t\t\t<\/div>\n\t\t\t\t<\/div>\n\t\t\t\t\t<\/div>\n\t\t\t\t<\/section>\n\t\t\t\t<\/div>\n\t\t","protected":false},"excerpt":{"rendered":"<p>Backstage at our Publishing House Legal Notice K\u00fcnzlerBachmann Verlag AG Z\u00fcrcherstrasse 601 9015 St. Gallen Tel: +41 (0) 71 314 04 44 Fax: +41 (0) 71 314 04 45info@kbverlag.ch Invoices per email to: buchhaltung@kueba.ch Bank Account UBS AG, 9000 St. Gallen IBAN: CH12 0025 4254 4332 9501 K BIC: UBSWCHZH80A UID\/MWST-Nr.: CHE-107.396.047 Copyright The content [&hellip;]<\/p>\n","protected":false},"author":2,"featured_media":0,"parent":7143,"menu_order":0,"comment_status":"closed","ping_status":"closed","template":"","meta":{"_acf_changed":false,"footnotes":""},"class_list":["post-7135","page","type-page","status-publish","hentry"],"acf":[],"yoast_head":"<!-- This site is optimized with the Yoast SEO plugin v27.5 - https:\/\/yoast.com\/product\/yoast-seo-wordpress\/ -->\n<title>Legal Notice - K\u00fcnzlerBachmann Verlag AG<\/title>\n<meta name=\"robots\" content=\"index, follow, max-snippet:-1, max-image-preview:large, max-video-preview:-1\" \/>\n<link rel=\"canonical\" href=\"https:\/\/www.kbverlag.ch\/en\/about-us\/legal-notice\/\" \/>\n<meta property=\"og:locale\" content=\"en_US\" \/>\n<meta property=\"og:type\" content=\"article\" \/>\n<meta property=\"og:title\" content=\"Legal Notice - K\u00fcnzlerBachmann Verlag AG\" \/>\n<meta property=\"og:description\" content=\"Backstage at our Publishing House Legal Notice K\u00fcnzlerBachmann Verlag AG Z\u00fcrcherstrasse 601 9015 St. Gallen Tel: +41 (0) 71 314 04 44 Fax: +41 (0) 71 314 04 45info@kbverlag.ch Invoices per email to: buchhaltung@kueba.ch Bank Account UBS AG, 9000 St. Gallen IBAN: CH12 0025 4254 4332 9501 K BIC: UBSWCHZH80A UID\/MWST-Nr.: CHE-107.396.047 Copyright The content [&hellip;]\" \/>\n<meta property=\"og:url\" content=\"https:\/\/www.kbverlag.ch\/en\/about-us\/legal-notice\/\" \/>\n<meta property=\"og:site_name\" content=\"K\u00fcnzlerBachmann Verlag AG\" \/>\n<meta property=\"article:modified_time\" content=\"2023-05-24T13:37:39+00:00\" \/>\n<meta name=\"twitter:card\" content=\"summary_large_image\" \/>\n<meta name=\"twitter:label1\" content=\"Est. reading time\" \/>\n\t<meta name=\"twitter:data1\" content=\"1 minute\" \/>\n<script type=\"application\/ld+json\" class=\"yoast-schema-graph\">{\"@context\":\"https:\\\/\\\/schema.org\",\"@graph\":[{\"@type\":\"WebPage\",\"@id\":\"https:\\\/\\\/www.kbverlag.ch\\\/en\\\/about-us\\\/legal-notice\\\/\",\"url\":\"https:\\\/\\\/www.kbverlag.ch\\\/en\\\/about-us\\\/legal-notice\\\/\",\"name\":\"Legal Notice - K\u00fcnzlerBachmann Verlag AG\",\"isPartOf\":{\"@id\":\"https:\\\/\\\/www.kbverlag.ch\\\/en\\\/#website\"},\"datePublished\":\"2022-10-27T05:27:20+00:00\",\"dateModified\":\"2023-05-24T13:37:39+00:00\",\"breadcrumb\":{\"@id\":\"https:\\\/\\\/www.kbverlag.ch\\\/en\\\/about-us\\\/legal-notice\\\/#breadcrumb\"},\"inLanguage\":\"en-US\",\"potentialAction\":[{\"@type\":\"ReadAction\",\"target\":[\"https:\\\/\\\/www.kbverlag.ch\\\/en\\\/about-us\\\/legal-notice\\\/\"]}]},{\"@type\":\"BreadcrumbList\",\"@id\":\"https:\\\/\\\/www.kbverlag.ch\\\/en\\\/about-us\\\/legal-notice\\\/#breadcrumb\",\"itemListElement\":[{\"@type\":\"ListItem\",\"position\":1,\"name\":\"Startseite\",\"item\":\"https:\\\/\\\/www.kbverlag.ch\\\/en\\\/\"},{\"@type\":\"ListItem\",\"position\":2,\"name\":\"About us\",\"item\":\"https:\\\/\\\/www.kbverlag.ch\\\/en\\\/ueber-uns\\\/\"},{\"@type\":\"ListItem\",\"position\":3,\"name\":\"Legal Notice\"}]},{\"@type\":\"WebSite\",\"@id\":\"https:\\\/\\\/www.kbverlag.ch\\\/en\\\/#website\",\"url\":\"https:\\\/\\\/www.kbverlag.ch\\\/en\\\/\",\"name\":\"K\u00fcnzlerBachmann Verlag AG\",\"description\":\"\",\"publisher\":{\"@id\":\"https:\\\/\\\/www.kbverlag.ch\\\/en\\\/#organization\"},\"potentialAction\":[{\"@type\":\"SearchAction\",\"target\":{\"@type\":\"EntryPoint\",\"urlTemplate\":\"https:\\\/\\\/www.kbverlag.ch\\\/en\\\/?s={search_term_string}\"},\"query-input\":{\"@type\":\"PropertyValueSpecification\",\"valueRequired\":true,\"valueName\":\"search_term_string\"}}],\"inLanguage\":\"en-US\"},{\"@type\":\"Organization\",\"@id\":\"https:\\\/\\\/www.kbverlag.ch\\\/en\\\/#organization\",\"name\":\"K\u00fcnzlerBachmann Verlag AG\",\"url\":\"https:\\\/\\\/www.kbverlag.ch\\\/en\\\/\",\"logo\":{\"@type\":\"ImageObject\",\"inLanguage\":\"en-US\",\"@id\":\"https:\\\/\\\/www.kbverlag.ch\\\/en\\\/#\\\/schema\\\/logo\\\/image\\\/\",\"url\":\"https:\\\/\\\/www.kbverlag.ch\\\/wp-content\\\/uploads\\\/logo-kbverlag.svg\",\"contentUrl\":\"https:\\\/\\\/www.kbverlag.ch\\\/wp-content\\\/uploads\\\/logo-kbverlag.svg\",\"width\":435,\"height\":95,\"caption\":\"K\u00fcnzlerBachmann Verlag AG\"},\"image\":{\"@id\":\"https:\\\/\\\/www.kbverlag.ch\\\/en\\\/#\\\/schema\\\/logo\\\/image\\\/\"}}]}<\/script>\n<!-- \/ Yoast SEO plugin. -->","yoast_head_json":{"title":"Legal Notice - K\u00fcnzlerBachmann Verlag AG","robots":{"index":"index","follow":"follow","max-snippet":"max-snippet:-1","max-image-preview":"max-image-preview:large","max-video-preview":"max-video-preview:-1"},"canonical":"https:\/\/www.kbverlag.ch\/en\/about-us\/legal-notice\/","og_locale":"en_US","og_type":"article","og_title":"Legal Notice - K\u00fcnzlerBachmann Verlag AG","og_description":"Backstage at our Publishing House Legal Notice K\u00fcnzlerBachmann Verlag AG Z\u00fcrcherstrasse 601 9015 St. Gallen Tel: +41 (0) 71 314 04 44 Fax: +41 (0) 71 314 04 45info@kbverlag.ch Invoices per email to: buchhaltung@kueba.ch Bank Account UBS AG, 9000 St. Gallen IBAN: CH12 0025 4254 4332 9501 K BIC: UBSWCHZH80A UID\/MWST-Nr.: CHE-107.396.047 Copyright The content [&hellip;]","og_url":"https:\/\/www.kbverlag.ch\/en\/about-us\/legal-notice\/","og_site_name":"K\u00fcnzlerBachmann Verlag AG","article_modified_time":"2023-05-24T13:37:39+00:00","twitter_card":"summary_large_image","twitter_misc":{"Est. reading time":"1 minute"},"schema":{"@context":"https:\/\/schema.org","@graph":[{"@type":"WebPage","@id":"https:\/\/www.kbverlag.ch\/en\/about-us\/legal-notice\/","url":"https:\/\/www.kbverlag.ch\/en\/about-us\/legal-notice\/","name":"Legal Notice - K\u00fcnzlerBachmann Verlag AG","isPartOf":{"@id":"https:\/\/www.kbverlag.ch\/en\/#website"},"datePublished":"2022-10-27T05:27:20+00:00","dateModified":"2023-05-24T13:37:39+00:00","breadcrumb":{"@id":"https:\/\/www.kbverlag.ch\/en\/about-us\/legal-notice\/#breadcrumb"},"inLanguage":"en-US","potentialAction":[{"@type":"ReadAction","target":["https:\/\/www.kbverlag.ch\/en\/about-us\/legal-notice\/"]}]},{"@type":"BreadcrumbList","@id":"https:\/\/www.kbverlag.ch\/en\/about-us\/legal-notice\/#breadcrumb","itemListElement":[{"@type":"ListItem","position":1,"name":"Startseite","item":"https:\/\/www.kbverlag.ch\/en\/"},{"@type":"ListItem","position":2,"name":"About us","item":"https:\/\/www.kbverlag.ch\/en\/ueber-uns\/"},{"@type":"ListItem","position":3,"name":"Legal Notice"}]},{"@type":"WebSite","@id":"https:\/\/www.kbverlag.ch\/en\/#website","url":"https:\/\/www.kbverlag.ch\/en\/","name":"K\u00fcnzlerBachmann Verlag AG","description":"","publisher":{"@id":"https:\/\/www.kbverlag.ch\/en\/#organization"},"potentialAction":[{"@type":"SearchAction","target":{"@type":"EntryPoint","urlTemplate":"https:\/\/www.kbverlag.ch\/en\/?s={search_term_string}"},"query-input":{"@type":"PropertyValueSpecification","valueRequired":true,"valueName":"search_term_string"}}],"inLanguage":"en-US"},{"@type":"Organization","@id":"https:\/\/www.kbverlag.ch\/en\/#organization","name":"K\u00fcnzlerBachmann Verlag AG","url":"https:\/\/www.kbverlag.ch\/en\/","logo":{"@type":"ImageObject","inLanguage":"en-US","@id":"https:\/\/www.kbverlag.ch\/en\/#\/schema\/logo\/image\/","url":"https:\/\/www.kbverlag.ch\/wp-content\/uploads\/logo-kbverlag.svg","contentUrl":"https:\/\/www.kbverlag.ch\/wp-content\/uploads\/logo-kbverlag.svg","width":435,"height":95,"caption":"K\u00fcnzlerBachmann Verlag AG"},"image":{"@id":"https:\/\/www.kbverlag.ch\/en\/#\/schema\/logo\/image\/"}}]}},"_links":{"self":[{"href":"https:\/\/www.kbverlag.ch\/en\/wp-json\/wp\/v2\/pages\/7135","targetHints":{"allow":["GET"]}}],"collection":[{"href":"https:\/\/www.kbverlag.ch\/en\/wp-json\/wp\/v2\/pages"}],"about":[{"href":"https:\/\/www.kbverlag.ch\/en\/wp-json\/wp\/v2\/types\/page"}],"author":[{"embeddable":true,"href":"https:\/\/www.kbverlag.ch\/en\/wp-json\/wp\/v2\/users\/2"}],"replies":[{"embeddable":true,"href":"https:\/\/www.kbverlag.ch\/en\/wp-json\/wp\/v2\/comments?post=7135"}],"version-history":[{"count":0,"href":"https:\/\/www.kbverlag.ch\/en\/wp-json\/wp\/v2\/pages\/7135\/revisions"}],"up":[{"embeddable":true,"href":"https:\/\/www.kbverlag.ch\/en\/wp-json\/wp\/v2\/pages\/7143"}],"wp:attachment":[{"href":"https:\/\/www.kbverlag.ch\/en\/wp-json\/wp\/v2\/media?parent=7135"}],"curies":[{"name":"wp","href":"https:\/\/api.w.org\/{rel}","templated":true}]}}